{"id":1978,"date":"2016-12-21T10:16:35","date_gmt":"2016-12-21T09:16:35","guid":{"rendered":"https:\/\/www.spirosub.isoladelba.it\/it\/?page_id=1978"},"modified":"2025-03-14T09:11:49","modified_gmt":"2025-03-14T08:11:49","slug":"dive-card","status":"publish","type":"page","link":"https:\/\/www.spirosub.isoladelba.it\/it\/dive-card\/","title":{"rendered":"Dive Card &#8211; dove voi all Elba"},"content":{"rendered":"<p>[vc_row fullwidth=&#8221;yes&#8221; el_class=&#8221;tp-banner-container&#8221;][vc_column]   <div class=\"tp-banner\" >\n  <ul>\n    <li data-transition=\"fade\" data-slotamount=\"1\" data-masterspeed=\"500\" data-saveperformance=\"on\" >\n    <!-- MAIN IMAGE -->\n    <img src=\"https:\/\/www.spirosub.isoladelba.it\/wp-content\/uploads\/2016\/08\/aa-ankommen-top.jpg\" alt=\"\"  data-bgposition=\"center top\" data-kenburns=\"on\" data-duration=\"12000\" data-ease=\"Linear.easeNone\" data-bgfit=\"115\" data-bgfitend=\"100\" data-bgpositionend=\"center center\">\n        <div class=\"tp-caption white_heavy_70 tp-fade fadeout tp-resizeme\"\n      data-x=\"center\" data-hoffset=\"0\"\n      data-y=\"center\" data-voffset=\"10\"\n      data-speed=\"500\"\n      data-start=\"500\"\n      data-easing=\"Power4.easeOut\"\n      data-splitin=\"chars\"\n      data-splitout=\"chars\"\n      data-elementdelay=\"0.05\"\n      data-endelementdelay=\"0.05\"\n      data-endspeed=\"300\"\n      data-endeasing=\"Power1.easeOut\"\n      style=\"z-index: 3; max-width: auto; max-height: auto; white-space: nowrap;\">    <\/div>\n    <\/li>\n  <\/ul>\n<\/div>\n  <div id=\"waves\" style=\"background: url(https:\/\/www.spirosub.isoladelba.it\/wp-content\/uploads\/2016\/08\/newwave-blu-chiaro-trans.png) repeat-x 0 0;\"><\/div>\n[\/vc_column][\/vc_row][vc_row el_class=&#8221;row custom-row&#8221;][vc_column width=&#8221;3\/4&#8243; el_class=&#8221;border&#8221;]<ul class=\"breadcrumb\"><li><a rel=\"v:url\" property=\"v:title\" href=\"https:\/\/www.spirosub.isoladelba.it\/it\/\">Home<\/a><\/li><li class=\"active\">Pagina<\/li><\/ul><h1>Dive Card &#8211; dove voi all Elba<\/h1>\n<p class=\"lead\">\n  L&#039;Isola d&#039;Elba e le sue bellezze<\/p>\n<hr class=\"rope\">\n[vc_column_text]<\/p>\n<p style=\"text-align: justify;\">La leggenda vuole che l&#8217;Arcipelago Toscano abbia avuto origine da un monile sfilatosi dal collo di Venere, dea della bellezza e dell&#8217;amore, caduto nelle acque del Tirreno. In questo mito gentile si nasconde una parte di verit\u00e0, perch\u00e8 \u00e8 indubbio che le isole dell&#8217;Arcipelago siano altrettanti frammenti di paradiso.<\/p>\n<p style=\"text-align: justify;\">D&#8217;altra parte, poche altre localit\u00e0 turistiche al mondo possono vantare un&#8217;offerta altrettanto ricca e varia nello spazio di pochi chilometri: dai fondali marini, vero paradiso del sub, alle montagne circondate da boschi secolari, dalle spiagge e le calette incorniciate dalla macchia mediterranea ai piccoli borghi di collina immersi in una quiete senza tempo.<\/p>\n<p style=\"text-align: justify;\">Ogni visitatore pu\u00f2 trovare la propria dimensione della vacanza, praticando il proprio sport preferito, concedendosi al rito dell&#8217;abbronzatura oppure andando alla scoperta di ci\u00f2 che l&#8217;Arcipelago Toscano pu\u00f2 offrire in termini di storia, cultura e gastronomia.<br \/>\nBREVI INFORMAZIONI SULL&#8217;ISOLA D&#8217;ELBA<br \/>\nDistante appena 10 Km dal continente, con una superficie di 224 Kmq, l&#8217;Elba \u00e8 la maggiore isola dell&#8217;Arcipelago Toscano e la terza, per grandezza, delle isole italiane. Da alcuni anni fa parte del Parco Nazionale dell&#8217;Arcipelago Toscano assieme a Pianosa, Capraia, Montecristo, Giglio e Giannutri.<\/p>\n<p style=\"text-align: justify;\">Per la variet\u00e0 delle sue coste (che hanno uno sviluppo di 150 Km.), per l&#8217;amenit\u00e0 delle spiagge, per la maestosa bellezza del gruppo del Monte Capanne (mt 1019), \u00e8 giustamente divenuta uno dei centri di attrazione turistica di fama mondiale.<\/p>\n<p style=\"text-align: justify;\">La rete stradale principale (circa 160 Km) \u00e8 completamente asfaltata. Esistono altre strade panoramiche a macadam per circa 80 Km.<\/p>\n<p style=\"text-align: justify;\">Abitata gi\u00e0 in epoca prestorica e conosciuta per le sue miniere di ferro agli albori dell&#8217;Era Storica, l&#8217;Elba, chiamata dai Liguri &#8220;Ilva&#8221;, dai greci &#8220;Aethalia&#8221;, dapprima ligure, poi greca, poi etrusca, rest\u00f2 per secoli romana. Nel Medio Evo la tennero i Pisani e quindi gli Appiani e i Medici. Di tempo in tempo interess\u00f2 le potenze europee che vi lasciarono numerose tracce del loro dominio.<\/p>\n<p style=\"text-align: justify;\">Segni indelebili impressero i Medici a Portoferraio (in onore di Cosimo dei Medici la citt\u00e0 si chiam\u00f2 Cosmopoli) e gli Spagnoli, che eressero di contro la fortezza di S. Giacomo e Forte Focardo a Porto Azzurro.<\/p>\n<p style=\"text-align: justify;\">Il breve regno di Napoleone (1814-1815, 9 mesi e 23 giorni) ha lasciato significativi ricordi nella Palazzina dei Mulini, nella villa di S. Martino, nelle antiche chiese di Portoferraio, a Marciana Alta (Madonna del Monte) ed in altre localit\u00e0.<\/p>\n<p style=\"text-align: justify;\">Sotto il profilo amministrativo, l&#8217;Elba \u00e8 divisa in otto Comuni: Portoferraio, Campo nell&#8217;Elba, Capoliveri, Marciana, Marciana Marina, Porto Azzurro, Rio Marina e Rio nell&#8217;Elba.<\/p>\n<p style=\"text-align: justify;\">I vini famosi e la cucina eccellente, uniti al mare incontaminato, al clima mite ed alla trasparenza dell&#8217;aria, fanno dell&#8217;Elba una localit\u00e0 di cura, soggiorno e turismo ideale in tutte le stagioni<\/p>\n<p>[\/vc_column_text]  \n<div class=\"carousel\">\n   <div class=\"item\">\n    <img src=\"https:\/\/www.spirosub.isoladelba.it\/wp-content\/uploads\/bfi_thumb\/aa-ankommen-01-36uzqjaw7ly0prb6jgsgsg.jpg\" alt=\"\">\n  <\/div>\n   <div class=\"item\">\n    <img src=\"https:\/\/www.spirosub.isoladelba.it\/wp-content\/uploads\/bfi_thumb\/aa-ankommen-02-36uzqjff1wh7ht21xbz4e8.jpg\" alt=\"\">\n  <\/div>\n   <div class=\"item\">\n    <img src=\"https:\/\/www.spirosub.isoladelba.it\/wp-content\/uploads\/bfi_thumb\/aa-ankommen-03-36uzqjjxw70e9usxb75s00.jpg\" alt=\"\">\n  <\/div>\n<\/div>\n\n<div class=\"col-md-12 text-center add_bottom_15\">\n  <h2>Wie erreiche ich Elba und die Tauchbase?<\/h2>\n  <p class=\"lead\">\n      <\/p>\n<\/div><!--End col-md-12 -->\n[vc_column_text]<\/p>\n<p style=\"text-align: justify;\">Il Diving SPIRO SUB si trova alla fine della spiaggia di Marina di Campo, in localit\u00e0 La Foce. Giunti con il traghetto a Portoferraio ( Clicca qui per prenotare un traghetto ), seguite le indicazioni per Procchio e poi per Marina di Campo. Dopo Procchio, all&#8217;incrocio dell&#8217;aeroporto, girate a sinistra seguendo le indicazioni per &#8220;La Foce&#8221; &#8211; &#8220;Marina di campo&#8221;. Proseguite per circa 1 Km e, alla grande rotonda, seguite le indicazioni per Lacona ed i campeggi. Dopo circa 300 metri vi troverete alla fine della pineta che costeggia la spiaggia di Marina di Campo, girate a destra, in principio alla strada, direttamente al angolo, troverete l&#8217;entrata del Diving.<\/p>\n<p style=\"text-align: justify;\">(<a href=\"https:\/\/www.google.it\/maps\/place\/Spiro+Sub+Diving+Di+Kammerer+Volker\/@42.7524373,10.2423914,15z\/data=!4m5!3m4!1s0x12d64a8997be0ac1:0x8bacaa348e5cbf92!8m2!3d42.7524334!4d10.2445854\" target=\"_blank\" rel=\"noopener\">\u00bbClicca qui per aprire la carta di Marina di Campo\u00ab<\/a>)<br \/>\n(<a href=\"https:\/\/www.google.com\/maps\/@42.7525167,10.2441013,3a,75y,90h,77.63t\/data=!3m6!1e1!3m4!1sb1LZsoO3g7eD5g-qdrNkXw!2e0!7i13312!8i6656?hl=de\">\u00bbClicca qui per aprire Google Street Maps\u00ab<\/a>)<\/p>\n<p>[\/vc_column_text][\/vc_column][vc_column width=&#8221;1\/4&#8243;][vc_single_image image=&#8221;372&#8243; img_size=&#8221;full&#8221; alignment=&#8221;center&#8221;][vc_separator color=&#8221;blue&#8221;][vc_column_text]<a href=\"https:\/\/www.spirosub.isoladelba.it\/it\/prenotazione-traghetto\/\"><strong>Prenotazione Online Traghetto!<\/strong><\/a>[\/vc_column_text][vc_single_image image=&#8221;418&#8243; img_size=&#8221;full&#8221; alignment=&#8221;center&#8221; onclick=&#8221;custom_link&#8221; link=&#8221;https:\/\/www.spirosub.isoladelba.it\/it\/prenotazione-traghetto\/&#8221;][vc_separator color=&#8221;blue&#8221;][vc_column_text]<a href=\"https:\/\/www.spirosub.isoladelba.it\/it\/richieste-centro-sub-isola-elba\/\"><strong>PRENOTAZIONE CORSI DIVING ONLINE!<\/strong><\/a>[\/vc_column_text][vc_separator color=&#8221;blue&#8221;][vc_facebook][vc_separator color=&#8221;blue&#8221;][vc_single_image image=&#8221;1796&#8243; img_size=&#8221;full&#8221; alignment=&#8221;center&#8221; onclick=&#8221;custom_link&#8221; img_link_target=&#8221;_blank&#8221; link=&#8221;https:\/\/www.padi.Com\/elearning-scuba-registration\/default.aspx?irra=1770&amp;LanguageType=it&#8221;][vc_separator color=&#8221;blue&#8221;][vc_single_image image=&#8221;1800&#8243; img_size=&#8221;full&#8221; alignment=&#8221;center&#8221;][\/vc_column][\/vc_row]<\/p>\n","protected":false},"excerpt":{"rendered":"<p>[vc_row fullwidth=&#8221;yes&#8221; el_class=&#8221;tp-banner-container&#8221;][vc_column][\/vc_column][\/vc_row][vc_row el_class=&#8221;row custom-row&#8221;][vc_column width=&#8221;3\/4&#8243; el_class=&#8221;border&#8221;][vc_column_text] La leggenda vuole che l&#8217;Arcipelago Toscano abbia avuto origine da un monile sfilatosi dal collo di Venere, dea della bellezza e dell&#8217;amore, caduto nelle acque del Tirreno. In questo mito gentile si nasconde una parte di verit\u00e0, perch\u00e8 \u00e8 indubbio che le isole dell&#8217;Arcipelago siano altrettanti frammenti di [&hellip;]<\/p>\n","protected":false},"author":1,"featured_media":0,"parent":0,"menu_order":0,"comment_status":"closed","ping_status":"closed","template":"","meta":[],"yoast_head":"<!-- This site is optimized with the Yoast SEO plugin v20.4 - https:\/\/yoast.com\/wordpress\/plugins\/seo\/ -->\n<title>Dive Card - dove voi all Elba - Spiro Sub - Diving Center Elba<\/title>\n<meta name=\"robots\" content=\"index, follow, max-snippet:-1, max-image-preview:large, max-video-preview:-1\" \/>\n<link rel=\"canonical\" href=\"https:\/\/www.spirosub.isoladelba.it\/it\/dive-card\/\" \/>\n<meta property=\"og:locale\" content=\"it_IT\" \/>\n<meta property=\"og:type\" content=\"article\" \/>\n<meta property=\"og:title\" content=\"Dive Card - dove voi all Elba - Spiro Sub - Diving Center Elba\" \/>\n<meta property=\"og:description\" content=\"[vc_row fullwidth=&#8221;yes&#8221; el_class=&#8221;tp-banner-container&#8221;][vc_column][\/vc_column][\/vc_row][vc_row el_class=&#8221;row custom-row&#8221;][vc_column width=&#8221;3\/4&#8243; el_class=&#8221;border&#8221;][vc_column_text] La leggenda vuole che l&#8217;Arcipelago Toscano abbia avuto origine da un monile sfilatosi dal collo di Venere, dea della bellezza e dell&#8217;amore, caduto nelle acque del Tirreno. In questo mito gentile si nasconde una parte di verit\u00e0, perch\u00e8 \u00e8 indubbio che le isole dell&#8217;Arcipelago siano altrettanti frammenti di [&hellip;]\" \/>\n<meta property=\"og:url\" content=\"https:\/\/www.spirosub.isoladelba.it\/it\/dive-card\/\" \/>\n<meta property=\"og:site_name\" content=\"Spiro Sub - Diving Center Elba\" \/>\n<meta property=\"article:publisher\" content=\"https:\/\/www.facebook.com\/tauchenElbaSpiroSub\" \/>\n<meta property=\"article:modified_time\" content=\"2025-03-14T08:11:49+00:00\" \/>\n<meta name=\"twitter:card\" content=\"summary_large_image\" \/>\n<meta name=\"twitter:label1\" content=\"Tempo di lettura stimato\" \/>\n\t<meta name=\"twitter:data1\" content=\"4 minuti\" \/>\n<script type=\"application\/ld+json\" class=\"yoast-schema-graph\">{\"@context\":\"https:\/\/schema.org\",\"@graph\":[{\"@type\":\"WebPage\",\"@id\":\"https:\/\/www.spirosub.isoladelba.it\/it\/dive-card\/\",\"url\":\"https:\/\/www.spirosub.isoladelba.it\/it\/dive-card\/\",\"name\":\"Dive Card - dove voi all Elba - Spiro Sub - Diving Center Elba\",\"isPartOf\":{\"@id\":\"https:\/\/www.spirosub.isoladelba.it\/#website\"},\"datePublished\":\"2016-12-21T09:16:35+00:00\",\"dateModified\":\"2025-03-14T08:11:49+00:00\",\"breadcrumb\":{\"@id\":\"https:\/\/www.spirosub.isoladelba.it\/it\/dive-card\/#breadcrumb\"},\"inLanguage\":\"it-IT\",\"potentialAction\":[{\"@type\":\"ReadAction\",\"target\":[\"https:\/\/www.spirosub.isoladelba.it\/it\/dive-card\/\"]}]},{\"@type\":\"BreadcrumbList\",\"@id\":\"https:\/\/www.spirosub.isoladelba.it\/it\/dive-card\/#breadcrumb\",\"itemListElement\":[{\"@type\":\"ListItem\",\"position\":1,\"name\":\"Home\",\"item\":\"https:\/\/www.spirosub.isoladelba.it\/it\/\"},{\"@type\":\"ListItem\",\"position\":2,\"name\":\"Dive Card &#8211; dove voi all Elba\"}]},{\"@type\":\"WebSite\",\"@id\":\"https:\/\/www.spirosub.isoladelba.it\/#website\",\"url\":\"https:\/\/www.spirosub.isoladelba.it\/\",\"name\":\"Spiro Sub - Diving Center Elba\",\"description\":\"Centro Sub dal 1974\",\"publisher\":{\"@id\":\"https:\/\/www.spirosub.isoladelba.it\/#organization\"},\"potentialAction\":[{\"@type\":\"SearchAction\",\"target\":{\"@type\":\"EntryPoint\",\"urlTemplate\":\"https:\/\/www.spirosub.isoladelba.it\/?s={search_term_string}\"},\"query-input\":\"required name=search_term_string\"}],\"inLanguage\":\"it-IT\"},{\"@type\":\"Organization\",\"@id\":\"https:\/\/www.spirosub.isoladelba.it\/#organization\",\"name\":\"SPIRO SUB DIVING ELBA\",\"url\":\"https:\/\/www.spirosub.isoladelba.it\/\",\"logo\":{\"@type\":\"ImageObject\",\"inLanguage\":\"it-IT\",\"@id\":\"https:\/\/www.spirosub.isoladelba.it\/#\/schema\/logo\/image\/\",\"url\":\"https:\/\/www.spirosub.isoladelba.it\/wp-content\/uploads\/2016\/02\/spiro-logo.png\",\"contentUrl\":\"https:\/\/www.spirosub.isoladelba.it\/wp-content\/uploads\/2016\/02\/spiro-logo.png\",\"width\":200,\"height\":145,\"caption\":\"SPIRO SUB DIVING ELBA\"},\"image\":{\"@id\":\"https:\/\/www.spirosub.isoladelba.it\/#\/schema\/logo\/image\/\"},\"sameAs\":[\"https:\/\/www.facebook.com\/tauchenElbaSpiroSub\",\"https:\/\/www.instagram.com\/divingspirosubelba\/\",\"https:\/\/www.youtube.com\/channel\/UCvnWkk1qGZ-R27bVI_Hzrpg\"]}]}<\/script>\n<!-- \/ Yoast SEO plugin. -->","yoast_head_json":{"title":"Dive Card - dove voi all Elba - Spiro Sub - Diving Center Elba","robots":{"index":"index","follow":"follow","max-snippet":"max-snippet:-1","max-image-preview":"max-image-preview:large","max-video-preview":"max-video-preview:-1"},"canonical":"https:\/\/www.spirosub.isoladelba.it\/it\/dive-card\/","og_locale":"it_IT","og_type":"article","og_title":"Dive Card - dove voi all Elba - Spiro Sub - Diving Center Elba","og_description":"[vc_row fullwidth=&#8221;yes&#8221; el_class=&#8221;tp-banner-container&#8221;][vc_column][\/vc_column][\/vc_row][vc_row el_class=&#8221;row custom-row&#8221;][vc_column width=&#8221;3\/4&#8243; el_class=&#8221;border&#8221;][vc_column_text] La leggenda vuole che l&#8217;Arcipelago Toscano abbia avuto origine da un monile sfilatosi dal collo di Venere, dea della bellezza e dell&#8217;amore, caduto nelle acque del Tirreno. In questo mito gentile si nasconde una parte di verit\u00e0, perch\u00e8 \u00e8 indubbio che le isole dell&#8217;Arcipelago siano altrettanti frammenti di [&hellip;]","og_url":"https:\/\/www.spirosub.isoladelba.it\/it\/dive-card\/","og_site_name":"Spiro Sub - Diving Center Elba","article_publisher":"https:\/\/www.facebook.com\/tauchenElbaSpiroSub","article_modified_time":"2025-03-14T08:11:49+00:00","twitter_card":"summary_large_image","twitter_misc":{"Tempo di lettura stimato":"4 minuti"},"schema":{"@context":"https:\/\/schema.org","@graph":[{"@type":"WebPage","@id":"https:\/\/www.spirosub.isoladelba.it\/it\/dive-card\/","url":"https:\/\/www.spirosub.isoladelba.it\/it\/dive-card\/","name":"Dive Card - dove voi all Elba - Spiro Sub - Diving Center Elba","isPartOf":{"@id":"https:\/\/www.spirosub.isoladelba.it\/#website"},"datePublished":"2016-12-21T09:16:35+00:00","dateModified":"2025-03-14T08:11:49+00:00","breadcrumb":{"@id":"https:\/\/www.spirosub.isoladelba.it\/it\/dive-card\/#breadcrumb"},"inLanguage":"it-IT","potentialAction":[{"@type":"ReadAction","target":["https:\/\/www.spirosub.isoladelba.it\/it\/dive-card\/"]}]},{"@type":"BreadcrumbList","@id":"https:\/\/www.spirosub.isoladelba.it\/it\/dive-card\/#breadcrumb","itemListElement":[{"@type":"ListItem","position":1,"name":"Home","item":"https:\/\/www.spirosub.isoladelba.it\/it\/"},{"@type":"ListItem","position":2,"name":"Dive Card &#8211; dove voi all Elba"}]},{"@type":"WebSite","@id":"https:\/\/www.spirosub.isoladelba.it\/#website","url":"https:\/\/www.spirosub.isoladelba.it\/","name":"Spiro Sub - Diving Center Elba","description":"Centro Sub dal 1974","publisher":{"@id":"https:\/\/www.spirosub.isoladelba.it\/#organization"},"potentialAction":[{"@type":"SearchAction","target":{"@type":"EntryPoint","urlTemplate":"https:\/\/www.spirosub.isoladelba.it\/?s={search_term_string}"},"query-input":"required name=search_term_string"}],"inLanguage":"it-IT"},{"@type":"Organization","@id":"https:\/\/www.spirosub.isoladelba.it\/#organization","name":"SPIRO SUB DIVING ELBA","url":"https:\/\/www.spirosub.isoladelba.it\/","logo":{"@type":"ImageObject","inLanguage":"it-IT","@id":"https:\/\/www.spirosub.isoladelba.it\/#\/schema\/logo\/image\/","url":"https:\/\/www.spirosub.isoladelba.it\/wp-content\/uploads\/2016\/02\/spiro-logo.png","contentUrl":"https:\/\/www.spirosub.isoladelba.it\/wp-content\/uploads\/2016\/02\/spiro-logo.png","width":200,"height":145,"caption":"SPIRO SUB DIVING ELBA"},"image":{"@id":"https:\/\/www.spirosub.isoladelba.it\/#\/schema\/logo\/image\/"},"sameAs":["https:\/\/www.facebook.com\/tauchenElbaSpiroSub","https:\/\/www.instagram.com\/divingspirosubelba\/","https:\/\/www.youtube.com\/channel\/UCvnWkk1qGZ-R27bVI_Hzrpg"]}]}},"_links":{"self":[{"href":"https:\/\/www.spirosub.isoladelba.it\/it\/wp-json\/wp\/v2\/pages\/1978"}],"collection":[{"href":"https:\/\/www.spirosub.isoladelba.it\/it\/wp-json\/wp\/v2\/pages"}],"about":[{"href":"https:\/\/www.spirosub.isoladelba.it\/it\/wp-json\/wp\/v2\/types\/page"}],"author":[{"embeddable":true,"href":"https:\/\/www.spirosub.isoladelba.it\/it\/wp-json\/wp\/v2\/users\/1"}],"replies":[{"embeddable":true,"href":"https:\/\/www.spirosub.isoladelba.it\/it\/wp-json\/wp\/v2\/comments?post=1978"}],"version-history":[{"count":4,"href":"https:\/\/www.spirosub.isoladelba.it\/it\/wp-json\/wp\/v2\/pages\/1978\/revisions"}],"predecessor-version":[{"id":4654,"href":"https:\/\/www.spirosub.isoladelba.it\/it\/wp-json\/wp\/v2\/pages\/1978\/revisions\/4654"}],"wp:attachment":[{"href":"https:\/\/www.spirosub.isoladelba.it\/it\/wp-json\/wp\/v2\/media?parent=1978"}],"curies":[{"name":"wp","href":"https:\/\/api.w.org\/{rel}","templated":true}]}}