{"id":1648,"date":"2016-08-23T16:51:14","date_gmt":"2016-08-23T14:51:14","guid":{"rendered":"https:\/\/www.spirosub.isoladelba.it\/it\/?page_id=1648"},"modified":"2025-03-14T09:07:19","modified_gmt":"2025-03-14T08:07:19","slug":"corso-padi-advanced","status":"publish","type":"page","link":"https:\/\/www.spirosub.isoladelba.it\/it\/corso-padi-advanced\/","title":{"rendered":"Corso PADI Advanced &#8211; il prossimo corso dopo il open water"},"content":{"rendered":"<p>[vc_row fullwidth=&#8221;yes&#8221; el_class=&#8221;tp-banner-container&#8221;][vc_column]   <div class=\"tp-banner\" >\n  <ul>\n    <li data-transition=\"fade\" data-slotamount=\"1\" data-masterspeed=\"500\" data-saveperformance=\"on\" >\n    <!-- MAIN IMAGE -->\n    <img src=\"https:\/\/www.spirosub.isoladelba.it\/wp-content\/uploads\/2016\/08\/aa-advanced-top.jpg\" alt=\"\"  data-bgposition=\"center top\" data-kenburns=\"on\" data-duration=\"12000\" data-ease=\"Linear.easeNone\" data-bgfit=\"115\" data-bgfitend=\"100\" data-bgpositionend=\"center center\">\n        <div class=\"tp-caption white_heavy_70 tp-fade fadeout tp-resizeme\"\n      data-x=\"center\" data-hoffset=\"0\"\n      data-y=\"center\" data-voffset=\"10\"\n      data-speed=\"500\"\n      data-start=\"500\"\n      data-easing=\"Power4.easeOut\"\n      data-splitin=\"chars\"\n      data-splitout=\"chars\"\n      data-elementdelay=\"0.05\"\n      data-endelementdelay=\"0.05\"\n      data-endspeed=\"300\"\n      data-endeasing=\"Power1.easeOut\"\n      style=\"z-index: 3; max-width: auto; max-height: auto; white-space: nowrap;\">    <\/div>\n    <\/li>\n  <\/ul>\n<\/div>\n  <div id=\"waves\" style=\"background: url(https:\/\/www.spirosub.isoladelba.it\/wp-content\/uploads\/2016\/08\/newwave-blu-chiaro-trans.png) repeat-x 0 0;\"><\/div>\n[\/vc_column][\/vc_row][vc_row el_class=&#8221;row custom-row&#8221;][vc_column width=&#8221;3\/4&#8243; el_class=&#8221;border&#8221;]<ul class=\"breadcrumb\"><li><a rel=\"v:url\" property=\"v:title\" href=\"https:\/\/www.spirosub.isoladelba.it\/it\/\">Home<\/a><\/li><li class=\"active\">Pagina<\/li><\/ul><h1>Corso PADI Advanced &#8211; il prossimo corso dopo il open water<\/h1>\n<p class=\"lead\">\n  Aumentare la conoscenza e l&#039;esperienza<\/p>\n<hr class=\"rope\">\n[vc_column_text]<\/p>\n<h4>Corso PADI Advanced<\/h4>\n<p style=\"text-align: justify;\"><img decoding=\"async\" loading=\"lazy\" class=\"alignleft wp-image-662 size-full\" src=\"https:\/\/www.spirosub.isoladelba.it\/wp-content\/uploads\/2016\/08\/improve.jpg\" alt=\"improve\" width=\"100\" height=\"39\" srcset=\"https:\/\/www.spirosub.isoladelba.it\/wp-content\/uploads\/2016\/08\/improve.jpg 100w, https:\/\/www.spirosub.isoladelba.it\/wp-content\/uploads\/2016\/08\/improve-768x299.jpg 768w\" sizes=\"(max-width: 100px) 100vw, 100px\" \/>Se si ha gi\u00e0 frequentato il corso PADI Open Water o si \u00e8 in possesso di un brevetto equivalente, tramite le nostre lezioni, avete la possibilit\u00e0 di accedere al corso successivo PADI Advanced. Questo corso \u00e8 orientato sulla pratica risultando allo stesso momento parecchio divertente.<br \/>\nDi base, esso include immersioni indipendenti. Di conseguenza, tramite questo corso, pianifichiamo immersioni pi\u00f9 profonde.<\/p>\n<p>[\/vc_column_text]  \n<div class=\"carousel\">\n   <div class=\"item\">\n    <img src=\"https:\/\/www.spirosub.isoladelba.it\/wp-content\/uploads\/bfi_thumb\/aa-advanced-01-36uzqijr5uqw1gty89oj5s.jpg\" alt=\"\">\n  <\/div>\n   <div class=\"item\">\n    <img src=\"https:\/\/www.spirosub.isoladelba.it\/wp-content\/uploads\/bfi_thumb\/aa-advanced-02-36uzqioa05a2tiktm4v6rk.jpg\" alt=\"\">\n  <\/div>\n   <div class=\"item\">\n    <img src=\"https:\/\/www.spirosub.isoladelba.it\/wp-content\/uploads\/bfi_thumb\/aa-advanced-03-36uzqixboqcgdm2kdv8hz4.jpg\" alt=\"\">\n  <\/div>\n<\/div>\n\n[vc_separator][vc_column_text]<\/p>\n<p style=\"text-align: justify;\"><img decoding=\"async\" loading=\"lazy\" class=\"alignleft wp-image-605 size-full\" src=\"https:\/\/www.spirosub.isoladelba.it\/wp-content\/uploads\/2016\/08\/padiblu.gif\" alt=\"padiblu\" width=\"92\" height=\"34\">PADI significa:&#8221;Professional Association of Diving Instructors&#8221; ed \u00e8 la pi\u00f9 grande organizazzione al mondo per la formazione subacquea. PADI offre programmi, materiali didattici e standard di formazione, controlo qualit\u00e0, sostiene i suoi membri e ne forma di nuovi. La professionalit\u00e0 dell\u2019istruzione PADI, Dive Center e Resorts, mediante i suoi brevetti, risulta essere la pi\u00f9 richiesta a livello mondiale. La certezza e la sicurezza di questi brevetti \u00e8 riconosciuta ovunque abbiate possibilit\u00e0 di fare immersioni. Avere PADI alle spalle significa senza dubbio avere una buona reputazione.<\/p>\n<p><center>[lightframe shortname=&#8221;spirosubisoladelba&#8221; fallback=&#8221;simple&#8221; full_items=&#8221;yes&#8221; flow=&#8221;147756&#8243; view_item=&#8221;133642&#8243;]Prenota Ora[\/lightframe]<\/center>[\/vc_column_text][\/vc_column][vc_column width=&#8221;1\/4&#8243;][vc_single_image image=&#8221;372&#8243; img_size=&#8221;full&#8221; alignment=&#8221;center&#8221;][vc_separator color=&#8221;blue&#8221;][vc_column_text]<a href=\"https:\/\/www.spirosub.isoladelba.it\/it\/prenotazione-traghetto\/\"><strong>Prenotazione Online Traghetto!<\/strong><\/a>[\/vc_column_text][vc_single_image image=&#8221;418&#8243; img_size=&#8221;full&#8221; alignment=&#8221;center&#8221; onclick=&#8221;custom_link&#8221; link=&#8221;https:\/\/www.spirosub.isoladelba.it\/it\/prenotazione-traghetto\/&#8221;][vc_separator color=&#8221;blue&#8221;][vc_column_text]<a href=\"https:\/\/www.spirosub.isoladelba.it\/it\/richieste-centro-sub-isola-elba\/\"><strong>PRENOTAZIONE CORSI DIVING ONLINE!<\/strong><\/a>[\/vc_column_text][vc_separator color=&#8221;blue&#8221;][vc_facebook][vc_separator color=&#8221;blue&#8221;][vc_single_image image=&#8221;1796&#8243; img_size=&#8221;full&#8221; alignment=&#8221;center&#8221; onclick=&#8221;custom_link&#8221; img_link_target=&#8221;_blank&#8221; link=&#8221;https:\/\/www.padi.Com\/elearning-scuba-registration\/default.aspx?irra=1770&amp;LanguageType=it&#8221;][vc_separator color=&#8221;blue&#8221;][vc_single_image image=&#8221;1800&#8243; img_size=&#8221;full&#8221; alignment=&#8221;center&#8221;][\/vc_column][\/vc_row]<\/p>\n","protected":false},"excerpt":{"rendered":"<p>[vc_row fullwidth=&#8221;yes&#8221; el_class=&#8221;tp-banner-container&#8221;][vc_column][\/vc_column][\/vc_row][vc_row el_class=&#8221;row custom-row&#8221;][vc_column width=&#8221;3\/4&#8243; el_class=&#8221;border&#8221;][vc_column_text] Corso PADI Advanced Se si ha gi\u00e0 frequentato il corso PADI Open Water o si \u00e8 in possesso di un brevetto equivalente, tramite le nostre lezioni, avete la possibilit\u00e0 di accedere al corso successivo PADI Advanced. Questo corso \u00e8 orientato sulla pratica risultando allo stesso momento parecchio divertente. [&hellip;]<\/p>\n","protected":false},"author":1,"featured_media":0,"parent":0,"menu_order":0,"comment_status":"closed","ping_status":"closed","template":"template\/canvas_page.php","meta":[],"yoast_head":"<!-- This site is optimized with the Yoast SEO plugin v20.4 - https:\/\/yoast.com\/wordpress\/plugins\/seo\/ -->\n<title>Corso Advanced: Centro Sub padi a Marina di Campo<\/title>\n<meta name=\"description\" content=\"Corso PADI Advanced presso il centro sub SpiroSub all&#039;Isola d&#039;Elba: ampliare la conoscenza e l&#039;esperienza. \u00e8 molto pratico e divertente.\" \/>\n<meta name=\"robots\" content=\"index, follow, max-snippet:-1, max-image-preview:large, max-video-preview:-1\" \/>\n<link rel=\"canonical\" href=\"https:\/\/www.spirosub.isoladelba.it\/it\/corso-padi-advanced\/\" \/>\n<meta property=\"og:locale\" content=\"it_IT\" \/>\n<meta property=\"og:type\" content=\"article\" \/>\n<meta property=\"og:title\" content=\"Corso Advanced: Centro Sub padi a Marina di Campo\" \/>\n<meta property=\"og:description\" content=\"Corso PADI Advanced presso il centro sub SpiroSub all&#039;Isola d&#039;Elba: ampliare la conoscenza e l&#039;esperienza. \u00e8 molto pratico e divertente.\" \/>\n<meta property=\"og:url\" content=\"https:\/\/www.spirosub.isoladelba.it\/it\/corso-padi-advanced\/\" \/>\n<meta property=\"og:site_name\" content=\"Spiro Sub - Diving Center Elba\" \/>\n<meta property=\"article:publisher\" content=\"https:\/\/www.facebook.com\/tauchenElbaSpiroSub\" \/>\n<meta property=\"article:modified_time\" content=\"2025-03-14T08:07:19+00:00\" \/>\n<meta property=\"og:image\" content=\"https:\/\/www.spirosub.isoladelba.it\/wp-content\/uploads\/2016\/08\/improve.jpg\" \/>\n<meta name=\"twitter:card\" content=\"summary_large_image\" \/>\n<meta name=\"twitter:label1\" content=\"Tempo di lettura stimato\" \/>\n\t<meta name=\"twitter:data1\" content=\"2 minuti\" \/>\n<script type=\"application\/ld+json\" class=\"yoast-schema-graph\">{\"@context\":\"https:\/\/schema.org\",\"@graph\":[{\"@type\":\"WebPage\",\"@id\":\"https:\/\/www.spirosub.isoladelba.it\/it\/corso-padi-advanced\/\",\"url\":\"https:\/\/www.spirosub.isoladelba.it\/it\/corso-padi-advanced\/\",\"name\":\"Corso Advanced: Centro Sub padi a Marina di Campo\",\"isPartOf\":{\"@id\":\"https:\/\/www.spirosub.isoladelba.it\/#website\"},\"datePublished\":\"2016-08-23T14:51:14+00:00\",\"dateModified\":\"2025-03-14T08:07:19+00:00\",\"description\":\"Corso PADI Advanced presso il centro sub SpiroSub all'Isola d'Elba: ampliare la conoscenza e l'esperienza. \u00e8 molto pratico e divertente.\",\"breadcrumb\":{\"@id\":\"https:\/\/www.spirosub.isoladelba.it\/it\/corso-padi-advanced\/#breadcrumb\"},\"inLanguage\":\"it-IT\",\"potentialAction\":[{\"@type\":\"ReadAction\",\"target\":[\"https:\/\/www.spirosub.isoladelba.it\/it\/corso-padi-advanced\/\"]}]},{\"@type\":\"BreadcrumbList\",\"@id\":\"https:\/\/www.spirosub.isoladelba.it\/it\/corso-padi-advanced\/#breadcrumb\",\"itemListElement\":[{\"@type\":\"ListItem\",\"position\":1,\"name\":\"Home\",\"item\":\"https:\/\/www.spirosub.isoladelba.it\/it\/\"},{\"@type\":\"ListItem\",\"position\":2,\"name\":\"Corso PADI Advanced &#8211; il prossimo corso dopo il open water\"}]},{\"@type\":\"WebSite\",\"@id\":\"https:\/\/www.spirosub.isoladelba.it\/#website\",\"url\":\"https:\/\/www.spirosub.isoladelba.it\/\",\"name\":\"Spiro Sub - Diving Center Elba\",\"description\":\"Centro Sub dal 1974\",\"publisher\":{\"@id\":\"https:\/\/www.spirosub.isoladelba.it\/#organization\"},\"potentialAction\":[{\"@type\":\"SearchAction\",\"target\":{\"@type\":\"EntryPoint\",\"urlTemplate\":\"https:\/\/www.spirosub.isoladelba.it\/?s={search_term_string}\"},\"query-input\":\"required name=search_term_string\"}],\"inLanguage\":\"it-IT\"},{\"@type\":\"Organization\",\"@id\":\"https:\/\/www.spirosub.isoladelba.it\/#organization\",\"name\":\"SPIRO SUB DIVING ELBA\",\"url\":\"https:\/\/www.spirosub.isoladelba.it\/\",\"logo\":{\"@type\":\"ImageObject\",\"inLanguage\":\"it-IT\",\"@id\":\"https:\/\/www.spirosub.isoladelba.it\/#\/schema\/logo\/image\/\",\"url\":\"https:\/\/www.spirosub.isoladelba.it\/wp-content\/uploads\/2016\/02\/spiro-logo.png\",\"contentUrl\":\"https:\/\/www.spirosub.isoladelba.it\/wp-content\/uploads\/2016\/02\/spiro-logo.png\",\"width\":200,\"height\":145,\"caption\":\"SPIRO SUB DIVING ELBA\"},\"image\":{\"@id\":\"https:\/\/www.spirosub.isoladelba.it\/#\/schema\/logo\/image\/\"},\"sameAs\":[\"https:\/\/www.facebook.com\/tauchenElbaSpiroSub\",\"https:\/\/www.instagram.com\/divingspirosubelba\/\",\"https:\/\/www.youtube.com\/channel\/UCvnWkk1qGZ-R27bVI_Hzrpg\"]}]}<\/script>\n<!-- \/ Yoast SEO plugin. -->","yoast_head_json":{"title":"Corso Advanced: Centro Sub padi a Marina di Campo","description":"Corso PADI Advanced presso il centro sub SpiroSub all'Isola d'Elba: ampliare la conoscenza e l'esperienza. \u00e8 molto pratico e divertente.","robots":{"index":"index","follow":"follow","max-snippet":"max-snippet:-1","max-image-preview":"max-image-preview:large","max-video-preview":"max-video-preview:-1"},"canonical":"https:\/\/www.spirosub.isoladelba.it\/it\/corso-padi-advanced\/","og_locale":"it_IT","og_type":"article","og_title":"Corso Advanced: Centro Sub padi a Marina di Campo","og_description":"Corso PADI Advanced presso il centro sub SpiroSub all'Isola d'Elba: ampliare la conoscenza e l'esperienza. \u00e8 molto pratico e divertente.","og_url":"https:\/\/www.spirosub.isoladelba.it\/it\/corso-padi-advanced\/","og_site_name":"Spiro Sub - Diving Center Elba","article_publisher":"https:\/\/www.facebook.com\/tauchenElbaSpiroSub","article_modified_time":"2025-03-14T08:07:19+00:00","og_image":[{"url":"https:\/\/www.spirosub.isoladelba.it\/wp-content\/uploads\/2016\/08\/improve.jpg"}],"twitter_card":"summary_large_image","twitter_misc":{"Tempo di lettura stimato":"2 minuti"},"schema":{"@context":"https:\/\/schema.org","@graph":[{"@type":"WebPage","@id":"https:\/\/www.spirosub.isoladelba.it\/it\/corso-padi-advanced\/","url":"https:\/\/www.spirosub.isoladelba.it\/it\/corso-padi-advanced\/","name":"Corso Advanced: Centro Sub padi a Marina di Campo","isPartOf":{"@id":"https:\/\/www.spirosub.isoladelba.it\/#website"},"datePublished":"2016-08-23T14:51:14+00:00","dateModified":"2025-03-14T08:07:19+00:00","description":"Corso PADI Advanced presso il centro sub SpiroSub all'Isola d'Elba: ampliare la conoscenza e l'esperienza. \u00e8 molto pratico e divertente.","breadcrumb":{"@id":"https:\/\/www.spirosub.isoladelba.it\/it\/corso-padi-advanced\/#breadcrumb"},"inLanguage":"it-IT","potentialAction":[{"@type":"ReadAction","target":["https:\/\/www.spirosub.isoladelba.it\/it\/corso-padi-advanced\/"]}]},{"@type":"BreadcrumbList","@id":"https:\/\/www.spirosub.isoladelba.it\/it\/corso-padi-advanced\/#breadcrumb","itemListElement":[{"@type":"ListItem","position":1,"name":"Home","item":"https:\/\/www.spirosub.isoladelba.it\/it\/"},{"@type":"ListItem","position":2,"name":"Corso PADI Advanced &#8211; il prossimo corso dopo il open water"}]},{"@type":"WebSite","@id":"https:\/\/www.spirosub.isoladelba.it\/#website","url":"https:\/\/www.spirosub.isoladelba.it\/","name":"Spiro Sub - Diving Center Elba","description":"Centro Sub dal 1974","publisher":{"@id":"https:\/\/www.spirosub.isoladelba.it\/#organization"},"potentialAction":[{"@type":"SearchAction","target":{"@type":"EntryPoint","urlTemplate":"https:\/\/www.spirosub.isoladelba.it\/?s={search_term_string}"},"query-input":"required name=search_term_string"}],"inLanguage":"it-IT"},{"@type":"Organization","@id":"https:\/\/www.spirosub.isoladelba.it\/#organization","name":"SPIRO SUB DIVING ELBA","url":"https:\/\/www.spirosub.isoladelba.it\/","logo":{"@type":"ImageObject","inLanguage":"it-IT","@id":"https:\/\/www.spirosub.isoladelba.it\/#\/schema\/logo\/image\/","url":"https:\/\/www.spirosub.isoladelba.it\/wp-content\/uploads\/2016\/02\/spiro-logo.png","contentUrl":"https:\/\/www.spirosub.isoladelba.it\/wp-content\/uploads\/2016\/02\/spiro-logo.png","width":200,"height":145,"caption":"SPIRO SUB DIVING ELBA"},"image":{"@id":"https:\/\/www.spirosub.isoladelba.it\/#\/schema\/logo\/image\/"},"sameAs":["https:\/\/www.facebook.com\/tauchenElbaSpiroSub","https:\/\/www.instagram.com\/divingspirosubelba\/","https:\/\/www.youtube.com\/channel\/UCvnWkk1qGZ-R27bVI_Hzrpg"]}]}},"_links":{"self":[{"href":"https:\/\/www.spirosub.isoladelba.it\/it\/wp-json\/wp\/v2\/pages\/1648"}],"collection":[{"href":"https:\/\/www.spirosub.isoladelba.it\/it\/wp-json\/wp\/v2\/pages"}],"about":[{"href":"https:\/\/www.spirosub.isoladelba.it\/it\/wp-json\/wp\/v2\/types\/page"}],"author":[{"embeddable":true,"href":"https:\/\/www.spirosub.isoladelba.it\/it\/wp-json\/wp\/v2\/users\/1"}],"replies":[{"embeddable":true,"href":"https:\/\/www.spirosub.isoladelba.it\/it\/wp-json\/wp\/v2\/comments?post=1648"}],"version-history":[{"count":11,"href":"https:\/\/www.spirosub.isoladelba.it\/it\/wp-json\/wp\/v2\/pages\/1648\/revisions"}],"predecessor-version":[{"id":4648,"href":"https:\/\/www.spirosub.isoladelba.it\/it\/wp-json\/wp\/v2\/pages\/1648\/revisions\/4648"}],"wp:attachment":[{"href":"https:\/\/www.spirosub.isoladelba.it\/it\/wp-json\/wp\/v2\/media?parent=1648"}],"curies":[{"name":"wp","href":"https:\/\/api.w.org\/{rel}","templated":true}]}}