{"id":1636,"date":"2016-08-23T16:33:09","date_gmt":"2016-08-23T14:33:09","guid":{"rendered":"https:\/\/www.spirosub.isoladelba.it\/it\/?page_id=1636"},"modified":"2025-03-14T09:20:18","modified_gmt":"2025-03-14T08:20:18","slug":"aria-arricchita-nitrox-o-enriched-air-corso","status":"publish","type":"page","link":"https:\/\/www.spirosub.isoladelba.it\/it\/aria-arricchita-nitrox-o-enriched-air-corso\/","title":{"rendered":"Nitrox o Enriched Air &#8211; prendi 32% o in pi\u00f9"},"content":{"rendered":"<p>[vc_row fullwidth=&#8221;yes&#8221; el_class=&#8221;tp-banner-container&#8221;][vc_column]   <div class=\"tp-banner\" >\n  <ul>\n    <li data-transition=\"fade\" data-slotamount=\"1\" data-masterspeed=\"500\" data-saveperformance=\"on\" >\n    <!-- MAIN IMAGE -->\n    <img src=\"https:\/\/www.spirosub.isoladelba.it\/wp-content\/uploads\/2016\/08\/aa-nitrox-top.jpg\" alt=\"\"  data-bgposition=\"center top\" data-kenburns=\"on\" data-duration=\"12000\" data-ease=\"Linear.easeNone\" data-bgfit=\"115\" data-bgfitend=\"100\" data-bgpositionend=\"center center\">\n        <div class=\"tp-caption white_heavy_70 tp-fade fadeout tp-resizeme\"\n      data-x=\"center\" data-hoffset=\"0\"\n      data-y=\"center\" data-voffset=\"10\"\n      data-speed=\"500\"\n      data-start=\"500\"\n      data-easing=\"Power4.easeOut\"\n      data-splitin=\"chars\"\n      data-splitout=\"chars\"\n      data-elementdelay=\"0.05\"\n      data-endelementdelay=\"0.05\"\n      data-endspeed=\"300\"\n      data-endeasing=\"Power1.easeOut\"\n      style=\"z-index: 3; max-width: auto; max-height: auto; white-space: nowrap;\">    <\/div>\n    <\/li>\n  <\/ul>\n<\/div>\n  <div id=\"waves\" style=\"background: url(https:\/\/www.spirosub.isoladelba.it\/wp-content\/uploads\/2016\/08\/newwave-blu-chiaro-trans.png) repeat-x 0 0;\"><\/div>\n[\/vc_column][\/vc_row][vc_row el_class=&#8221;row custom-row&#8221;][vc_column width=&#8221;3\/4&#8243; el_class=&#8221;border&#8221;]<ul class=\"breadcrumb\"><li><a rel=\"v:url\" property=\"v:title\" href=\"https:\/\/www.spirosub.isoladelba.it\/it\/\">Home<\/a><\/li><li class=\"active\">Pagina<\/li><\/ul><h1>Nitrox o Enriched Air &#8211; prendi 32% o in pi\u00f9<\/h1>\n<p class=\"lead\">\n  Con aria arricchita di ossigeno.<\/p>\n<hr class=\"rope\">\n[vc_column_text]<\/p>\n<h4>Aria arricchita nitrox enriched air nitrox<\/h4>\n<p style=\"text-align: justify;\">Cos\u2019\u00e8 l\u2019aria arricchita nitrox? E\u2018 aria arricchita di ossigeno. I vantaggi del Nitrox stanno nell\u2019avere immersioni pi\u00f9 sicure e tempi pi\u00f9 lunghi. Tutto, naturalmente, nel rispetto di tutte le norme esistenti per quanto riguarda profondit\u00e0 ed esposizione all\u2019ossigeno. Nel corso PADI apprenderete, ad esempio, le diverse procedure riguardanti le immersioni con decompressione. Durata ca. 1-2 giorni \u2013 da 15 anni \u2013 Numero di immersioni: da 1 a 2, opzionale. Chiunque in possesso di brevetto valido pu\u00f2 partecipare al corso.<\/p>\n<p>[\/vc_column_text]  \n<div class=\"carousel\">\n   <div class=\"item\">\n    <img src=\"https:\/\/www.spirosub.isoladelba.it\/wp-content\/uploads\/bfi_thumb\/aa-nitrox-01-36uzqnkotk2f7eotmx2rcw.jpg\" alt=\"\">\n  <\/div>\n   <div class=\"item\">\n    <img src=\"https:\/\/www.spirosub.isoladelba.it\/wp-content\/uploads\/bfi_thumb\/aa-nitrox-02-36uzqnp7nullzgfp0s9eyo.jpg\" alt=\"\">\n  <\/div>\n   <div class=\"item\">\n    <img src=\"https:\/\/www.spirosub.isoladelba.it\/wp-content\/uploads\/bfi_thumb\/aa-nitrox-03-36uzqntqi54sri6keng2kg.jpg\" alt=\"\">\n  <\/div>\n<\/div>\n\n[vc_separator][vc_column_text]<img decoding=\"async\" loading=\"lazy\" class=\"alignleft wp-image-648 size-full\" src=\"https:\/\/www.spirosub.isoladelba.it\/wp-content\/uploads\/2016\/08\/nitrox.jpg\" alt=\"nitrox\" width=\"97\" height=\"50\" srcset=\"https:\/\/www.spirosub.isoladelba.it\/wp-content\/uploads\/2016\/08\/nitrox.jpg 97w, https:\/\/www.spirosub.isoladelba.it\/wp-content\/uploads\/2016\/08\/nitrox-768x395.jpg 768w\" sizes=\"(max-width: 97px) 100vw, 97px\" \/>Nel contesto dei corsi Aowd si pu\u00f2 affrontare parte del corso Nitrox come un\u2019avventura. Le immersioni sono autorizzate con il miscele 32, questo significa che al massimo l\u2019aria viene arricchitta con 32% di ossigeno o meno. E\u2019 necessario partecipare alle lezioni teoriche e, soprattutto, rispondere correttamente a tutti i quesiti.<\/p>\n<p><center>[lightframe shortname=&#8221;spirosubisoladelba&#8221; fallback=&#8221;simple&#8221; full_items=&#8221;yes&#8221; flow=&#8221;147756&#8243; view_item=&#8221;133639&#8243;]Prenota Ora[\/lightframe]<\/center>[\/vc_column_text][\/vc_column][vc_column width=&#8221;1\/4&#8243;][vc_single_image image=&#8221;372&#8243; img_size=&#8221;full&#8221; alignment=&#8221;center&#8221;][vc_separator color=&#8221;blue&#8221;][vc_column_text]<a href=\"https:\/\/www.spirosub.isoladelba.it\/it\/prenotazione-traghetto\/\"><strong>Prenotazione Online Traghetto!<\/strong><\/a>[\/vc_column_text][vc_single_image image=&#8221;418&#8243; img_size=&#8221;full&#8221; alignment=&#8221;center&#8221; onclick=&#8221;custom_link&#8221; link=&#8221;https:\/\/www.spirosub.isoladelba.it\/it\/prenotazione-traghetto\/&#8221;][vc_separator color=&#8221;blue&#8221;][vc_column_text]<a href=\"https:\/\/www.spirosub.isoladelba.it\/it\/richieste-centro-sub-isola-elba\/\"><strong>PRENOTAZIONE CORSI DIVING ONLINE!<\/strong><\/a>[\/vc_column_text][vc_separator color=&#8221;blue&#8221;][vc_facebook][vc_separator color=&#8221;blue&#8221;][vc_single_image image=&#8221;1796&#8243; img_size=&#8221;full&#8221; alignment=&#8221;center&#8221; onclick=&#8221;custom_link&#8221; img_link_target=&#8221;_blank&#8221; link=&#8221;https:\/\/www.padi.Com\/elearning-scuba-registration\/default.aspx?irra=1770&amp;LanguageType=it&#8221;][vc_separator color=&#8221;blue&#8221;][vc_single_image image=&#8221;1800&#8243; img_size=&#8221;full&#8221; alignment=&#8221;center&#8221;][\/vc_column][\/vc_row]<\/p>\n","protected":false},"excerpt":{"rendered":"<p>[vc_row fullwidth=&#8221;yes&#8221; el_class=&#8221;tp-banner-container&#8221;][vc_column][\/vc_column][\/vc_row][vc_row el_class=&#8221;row custom-row&#8221;][vc_column width=&#8221;3\/4&#8243; el_class=&#8221;border&#8221;][vc_column_text] Aria arricchita nitrox enriched air nitrox Cos\u2019\u00e8 l\u2019aria arricchita nitrox? E\u2018 aria arricchita di ossigeno. I vantaggi del Nitrox stanno nell\u2019avere immersioni pi\u00f9 sicure e tempi pi\u00f9 lunghi. Tutto, naturalmente, nel rispetto di tutte le norme esistenti per quanto riguarda profondit\u00e0 ed esposizione all\u2019ossigeno. Nel corso PADI apprenderete, [&hellip;]<\/p>\n","protected":false},"author":1,"featured_media":0,"parent":0,"menu_order":0,"comment_status":"closed","ping_status":"closed","template":"template\/canvas_page.php","meta":[],"yoast_head":"<!-- This site is optimized with the Yoast SEO plugin v20.4 - https:\/\/yoast.com\/wordpress\/plugins\/seo\/ -->\n<title>aria arricchita Nitrox: Centro Sub Spiro Sub Isola d&#039;Elba<\/title>\n<meta name=\"description\" content=\"aria arricchita Nitrox: arricchita di ossigeno I vantaggi sono delle immersioni pi\u00f9 sicuri e dei tempi pi\u00f9 lunghi sott acqua. Centro Sub\" \/>\n<meta name=\"robots\" content=\"index, follow, max-snippet:-1, max-image-preview:large, max-video-preview:-1\" \/>\n<link rel=\"canonical\" href=\"https:\/\/www.spirosub.isoladelba.it\/it\/aria-arricchita-nitrox-o-enriched-air-corso\/\" \/>\n<meta property=\"og:locale\" content=\"it_IT\" \/>\n<meta property=\"og:type\" content=\"article\" \/>\n<meta property=\"og:title\" content=\"aria arricchita Nitrox: Centro Sub Spiro Sub Isola d&#039;Elba\" \/>\n<meta property=\"og:description\" content=\"aria arricchita Nitrox: arricchita di ossigeno I vantaggi sono delle immersioni pi\u00f9 sicuri e dei tempi pi\u00f9 lunghi sott acqua. Centro Sub\" \/>\n<meta property=\"og:url\" content=\"https:\/\/www.spirosub.isoladelba.it\/it\/aria-arricchita-nitrox-o-enriched-air-corso\/\" \/>\n<meta property=\"og:site_name\" content=\"Spiro Sub - Diving Center Elba\" \/>\n<meta property=\"article:publisher\" content=\"https:\/\/www.facebook.com\/tauchenElbaSpiroSub\" \/>\n<meta property=\"article:modified_time\" content=\"2025-03-14T08:20:18+00:00\" \/>\n<meta property=\"og:image\" content=\"https:\/\/www.spirosub.isoladelba.it\/wp-content\/uploads\/2016\/08\/nitrox.jpg\" \/>\n<meta name=\"twitter:card\" content=\"summary_large_image\" \/>\n<meta name=\"twitter:label1\" content=\"Tempo di lettura stimato\" \/>\n\t<meta name=\"twitter:data1\" content=\"2 minuti\" \/>\n<script type=\"application\/ld+json\" class=\"yoast-schema-graph\">{\"@context\":\"https:\/\/schema.org\",\"@graph\":[{\"@type\":\"WebPage\",\"@id\":\"https:\/\/www.spirosub.isoladelba.it\/it\/aria-arricchita-nitrox-o-enriched-air-corso\/\",\"url\":\"https:\/\/www.spirosub.isoladelba.it\/it\/aria-arricchita-nitrox-o-enriched-air-corso\/\",\"name\":\"aria arricchita Nitrox: Centro Sub Spiro Sub Isola d'Elba\",\"isPartOf\":{\"@id\":\"https:\/\/www.spirosub.isoladelba.it\/#website\"},\"datePublished\":\"2016-08-23T14:33:09+00:00\",\"dateModified\":\"2025-03-14T08:20:18+00:00\",\"description\":\"aria arricchita Nitrox: arricchita di ossigeno I vantaggi sono delle immersioni pi\u00f9 sicuri e dei tempi pi\u00f9 lunghi sott acqua. Centro Sub\",\"breadcrumb\":{\"@id\":\"https:\/\/www.spirosub.isoladelba.it\/it\/aria-arricchita-nitrox-o-enriched-air-corso\/#breadcrumb\"},\"inLanguage\":\"it-IT\",\"potentialAction\":[{\"@type\":\"ReadAction\",\"target\":[\"https:\/\/www.spirosub.isoladelba.it\/it\/aria-arricchita-nitrox-o-enriched-air-corso\/\"]}]},{\"@type\":\"BreadcrumbList\",\"@id\":\"https:\/\/www.spirosub.isoladelba.it\/it\/aria-arricchita-nitrox-o-enriched-air-corso\/#breadcrumb\",\"itemListElement\":[{\"@type\":\"ListItem\",\"position\":1,\"name\":\"Home\",\"item\":\"https:\/\/www.spirosub.isoladelba.it\/it\/\"},{\"@type\":\"ListItem\",\"position\":2,\"name\":\"Nitrox o Enriched Air &#8211; prendi 32% o in pi\u00f9\"}]},{\"@type\":\"WebSite\",\"@id\":\"https:\/\/www.spirosub.isoladelba.it\/#website\",\"url\":\"https:\/\/www.spirosub.isoladelba.it\/\",\"name\":\"Spiro Sub - Diving Center Elba\",\"description\":\"Centro Sub dal 1974\",\"publisher\":{\"@id\":\"https:\/\/www.spirosub.isoladelba.it\/#organization\"},\"potentialAction\":[{\"@type\":\"SearchAction\",\"target\":{\"@type\":\"EntryPoint\",\"urlTemplate\":\"https:\/\/www.spirosub.isoladelba.it\/?s={search_term_string}\"},\"query-input\":\"required name=search_term_string\"}],\"inLanguage\":\"it-IT\"},{\"@type\":\"Organization\",\"@id\":\"https:\/\/www.spirosub.isoladelba.it\/#organization\",\"name\":\"SPIRO SUB DIVING ELBA\",\"url\":\"https:\/\/www.spirosub.isoladelba.it\/\",\"logo\":{\"@type\":\"ImageObject\",\"inLanguage\":\"it-IT\",\"@id\":\"https:\/\/www.spirosub.isoladelba.it\/#\/schema\/logo\/image\/\",\"url\":\"https:\/\/www.spirosub.isoladelba.it\/wp-content\/uploads\/2016\/02\/spiro-logo.png\",\"contentUrl\":\"https:\/\/www.spirosub.isoladelba.it\/wp-content\/uploads\/2016\/02\/spiro-logo.png\",\"width\":200,\"height\":145,\"caption\":\"SPIRO SUB DIVING ELBA\"},\"image\":{\"@id\":\"https:\/\/www.spirosub.isoladelba.it\/#\/schema\/logo\/image\/\"},\"sameAs\":[\"https:\/\/www.facebook.com\/tauchenElbaSpiroSub\",\"https:\/\/www.instagram.com\/divingspirosubelba\/\",\"https:\/\/www.youtube.com\/channel\/UCvnWkk1qGZ-R27bVI_Hzrpg\"]}]}<\/script>\n<!-- \/ Yoast SEO plugin. -->","yoast_head_json":{"title":"aria arricchita Nitrox: Centro Sub Spiro Sub Isola d'Elba","description":"aria arricchita Nitrox: arricchita di ossigeno I vantaggi sono delle immersioni pi\u00f9 sicuri e dei tempi pi\u00f9 lunghi sott acqua. Centro Sub","robots":{"index":"index","follow":"follow","max-snippet":"max-snippet:-1","max-image-preview":"max-image-preview:large","max-video-preview":"max-video-preview:-1"},"canonical":"https:\/\/www.spirosub.isoladelba.it\/it\/aria-arricchita-nitrox-o-enriched-air-corso\/","og_locale":"it_IT","og_type":"article","og_title":"aria arricchita Nitrox: Centro Sub Spiro Sub Isola d'Elba","og_description":"aria arricchita Nitrox: arricchita di ossigeno I vantaggi sono delle immersioni pi\u00f9 sicuri e dei tempi pi\u00f9 lunghi sott acqua. Centro Sub","og_url":"https:\/\/www.spirosub.isoladelba.it\/it\/aria-arricchita-nitrox-o-enriched-air-corso\/","og_site_name":"Spiro Sub - Diving Center Elba","article_publisher":"https:\/\/www.facebook.com\/tauchenElbaSpiroSub","article_modified_time":"2025-03-14T08:20:18+00:00","og_image":[{"url":"https:\/\/www.spirosub.isoladelba.it\/wp-content\/uploads\/2016\/08\/nitrox.jpg"}],"twitter_card":"summary_large_image","twitter_misc":{"Tempo di lettura stimato":"2 minuti"},"schema":{"@context":"https:\/\/schema.org","@graph":[{"@type":"WebPage","@id":"https:\/\/www.spirosub.isoladelba.it\/it\/aria-arricchita-nitrox-o-enriched-air-corso\/","url":"https:\/\/www.spirosub.isoladelba.it\/it\/aria-arricchita-nitrox-o-enriched-air-corso\/","name":"aria arricchita Nitrox: Centro Sub Spiro Sub Isola d'Elba","isPartOf":{"@id":"https:\/\/www.spirosub.isoladelba.it\/#website"},"datePublished":"2016-08-23T14:33:09+00:00","dateModified":"2025-03-14T08:20:18+00:00","description":"aria arricchita Nitrox: arricchita di ossigeno I vantaggi sono delle immersioni pi\u00f9 sicuri e dei tempi pi\u00f9 lunghi sott acqua. Centro Sub","breadcrumb":{"@id":"https:\/\/www.spirosub.isoladelba.it\/it\/aria-arricchita-nitrox-o-enriched-air-corso\/#breadcrumb"},"inLanguage":"it-IT","potentialAction":[{"@type":"ReadAction","target":["https:\/\/www.spirosub.isoladelba.it\/it\/aria-arricchita-nitrox-o-enriched-air-corso\/"]}]},{"@type":"BreadcrumbList","@id":"https:\/\/www.spirosub.isoladelba.it\/it\/aria-arricchita-nitrox-o-enriched-air-corso\/#breadcrumb","itemListElement":[{"@type":"ListItem","position":1,"name":"Home","item":"https:\/\/www.spirosub.isoladelba.it\/it\/"},{"@type":"ListItem","position":2,"name":"Nitrox o Enriched Air &#8211; prendi 32% o in pi\u00f9"}]},{"@type":"WebSite","@id":"https:\/\/www.spirosub.isoladelba.it\/#website","url":"https:\/\/www.spirosub.isoladelba.it\/","name":"Spiro Sub - Diving Center Elba","description":"Centro Sub dal 1974","publisher":{"@id":"https:\/\/www.spirosub.isoladelba.it\/#organization"},"potentialAction":[{"@type":"SearchAction","target":{"@type":"EntryPoint","urlTemplate":"https:\/\/www.spirosub.isoladelba.it\/?s={search_term_string}"},"query-input":"required name=search_term_string"}],"inLanguage":"it-IT"},{"@type":"Organization","@id":"https:\/\/www.spirosub.isoladelba.it\/#organization","name":"SPIRO SUB DIVING ELBA","url":"https:\/\/www.spirosub.isoladelba.it\/","logo":{"@type":"ImageObject","inLanguage":"it-IT","@id":"https:\/\/www.spirosub.isoladelba.it\/#\/schema\/logo\/image\/","url":"https:\/\/www.spirosub.isoladelba.it\/wp-content\/uploads\/2016\/02\/spiro-logo.png","contentUrl":"https:\/\/www.spirosub.isoladelba.it\/wp-content\/uploads\/2016\/02\/spiro-logo.png","width":200,"height":145,"caption":"SPIRO SUB DIVING ELBA"},"image":{"@id":"https:\/\/www.spirosub.isoladelba.it\/#\/schema\/logo\/image\/"},"sameAs":["https:\/\/www.facebook.com\/tauchenElbaSpiroSub","https:\/\/www.instagram.com\/divingspirosubelba\/","https:\/\/www.youtube.com\/channel\/UCvnWkk1qGZ-R27bVI_Hzrpg"]}]}},"_links":{"self":[{"href":"https:\/\/www.spirosub.isoladelba.it\/it\/wp-json\/wp\/v2\/pages\/1636"}],"collection":[{"href":"https:\/\/www.spirosub.isoladelba.it\/it\/wp-json\/wp\/v2\/pages"}],"about":[{"href":"https:\/\/www.spirosub.isoladelba.it\/it\/wp-json\/wp\/v2\/types\/page"}],"author":[{"embeddable":true,"href":"https:\/\/www.spirosub.isoladelba.it\/it\/wp-json\/wp\/v2\/users\/1"}],"replies":[{"embeddable":true,"href":"https:\/\/www.spirosub.isoladelba.it\/it\/wp-json\/wp\/v2\/comments?post=1636"}],"version-history":[{"count":14,"href":"https:\/\/www.spirosub.isoladelba.it\/it\/wp-json\/wp\/v2\/pages\/1636\/revisions"}],"predecessor-version":[{"id":4659,"href":"https:\/\/www.spirosub.isoladelba.it\/it\/wp-json\/wp\/v2\/pages\/1636\/revisions\/4659"}],"wp:attachment":[{"href":"https:\/\/www.spirosub.isoladelba.it\/it\/wp-json\/wp\/v2\/media?parent=1636"}],"curies":[{"name":"wp","href":"https:\/\/api.w.org\/{rel}","templated":true}]}}