{"id":1586,"date":"2016-08-26T11:59:28","date_gmt":"2016-08-26T09:59:28","guid":{"rendered":"https:\/\/www.spirosub.isoladelba.it\/it\/?page_id=1586"},"modified":"2025-03-14T09:27:22","modified_gmt":"2025-03-14T08:27:22","slug":"e-learning-per-immersioni","status":"publish","type":"page","link":"https:\/\/www.spirosub.isoladelba.it\/it\/e-learning-per-immersioni\/","title":{"rendered":"Theoria online &#8211;  a casa, alla spiaggia o dove voi"},"content":{"rendered":"<p>[vc_row fullwidth=&#8221;yes&#8221; el_class=&#8221;tp-banner-container&#8221;][vc_column]   <div class=\"tp-banner\" >\n  <ul>\n    <li data-transition=\"fade\" data-slotamount=\"1\" data-masterspeed=\"500\" data-saveperformance=\"on\" >\n    <!-- MAIN IMAGE -->\n    <img src=\"https:\/\/www.spirosub.isoladelba.it\/wp-content\/uploads\/2016\/08\/aa-learning-top.jpg\" alt=\"\"  data-bgposition=\"center top\" data-kenburns=\"on\" data-duration=\"12000\" data-ease=\"Linear.easeNone\" data-bgfit=\"115\" data-bgfitend=\"100\" data-bgpositionend=\"center center\">\n        <div class=\"tp-caption white_heavy_70 tp-fade fadeout tp-resizeme\"\n      data-x=\"center\" data-hoffset=\"0\"\n      data-y=\"center\" data-voffset=\"10\"\n      data-speed=\"500\"\n      data-start=\"500\"\n      data-easing=\"Power4.easeOut\"\n      data-splitin=\"chars\"\n      data-splitout=\"chars\"\n      data-elementdelay=\"0.05\"\n      data-endelementdelay=\"0.05\"\n      data-endspeed=\"300\"\n      data-endeasing=\"Power1.easeOut\"\n      style=\"z-index: 3; max-width: auto; max-height: auto; white-space: nowrap;\">    <\/div>\n    <\/li>\n  <\/ul>\n<\/div>\n  <div id=\"waves\" style=\"background: url(https:\/\/www.spirosub.isoladelba.it\/wp-content\/uploads\/2016\/08\/newwave-blu-chiaro-trans.png) repeat-x 0 0;\"><\/div>\n[\/vc_column][\/vc_row][vc_row el_class=&#8221;row custom-row&#8221;][vc_column width=&#8221;3\/4&#8243; el_class=&#8221;border&#8221;]<ul class=\"breadcrumb\"><li><a rel=\"v:url\" property=\"v:title\" href=\"https:\/\/www.spirosub.isoladelba.it\/it\/\">Home<\/a><\/li><li class=\"active\">Pagina<\/li><\/ul><h1>Theoria online &#8211;  a casa, alla spiaggia o dove voi<\/h1>\n<p class=\"lead\">\n  Semplice e ovunque!<\/p>\n<hr class=\"rope\">\n[vc_column_text]<\/p>\n<h4 style=\"text-align: justify;\">Quali argomenti verranno trattati nel corso Open Water \/ Advanced Open Water?<\/h4>\n<p style=\"text-align: justify;\"><img decoding=\"async\" loading=\"lazy\" class=\"alignleft wp-image-888 size-full\" src=\"https:\/\/www.spirosub.isoladelba.it\/wp-content\/uploads\/2016\/08\/e-learning.jpg\" alt=\"e-learning\" width=\"450\" height=\"171\" srcset=\"https:\/\/www.spirosub.isoladelba.it\/wp-content\/uploads\/2016\/08\/e-learning.jpg 450w, https:\/\/www.spirosub.isoladelba.it\/wp-content\/uploads\/2016\/08\/e-learning-768x291.jpg 768w\" sizes=\"(max-width: 450px) 100vw, 450px\" \/>l corso PADI Open Water Diver \u00e8 di gran lunga il pi\u00f9 conosciuto corso di immersione. Milioni di persone hanno gi\u00e0 frequentato questo corso ricevendo il certificato PADI Open Water Diver. Questi richiede da un lato l\u2019approvazione della teoria (fatti, principi e concetti) e dall\u2019altro le procedure pratiche (competenze, tecniche e metodi). Il corso PADI Online Open Water Diver (disponibile in internet in lingua tedesca) ti trasmette la parte teorica che bisogna conoscere. Avrai modo di conoscere le competenze pratiche di immersione tramite un istruttore PADI dal tuo PADI Dive Center o Resort in loco.<\/p>\n<p>[\/vc_column_text][vc_column_text]<\/p>\n<h4>Come funziona?<\/h4>\n<p style=\"text-align: justify;\">Dopo la registrazione al PADI eLearning System avr\u00e0 luogo la presentazione interattiva, inclusi video e grafica, lettura e narrazione di testi. Sulla base di brevi quiz potrete capire e perfezionare le vostre basi di apprendimento. Cos\u00ec facendo potrete andare avanti, a vostro piacimento, in modo effeciente. E\u2018 chiaramente questo il vantaggio dell\u2018 e-learnigs: potete gestirvi il tempo per la parte teorica direttamente a casa o qui con noi avendo cos\u00ec pi\u00f9 tempo libero per voi e le vostre famiglie! Per capire se davvero sei riuscito a comprendere interamente tutto affronterai un ultimo quiz di 20 domande.<\/p>\n<p>[\/vc_column_text][vc_column_text]<\/p>\n<h4>Quanto costa?<\/h4>\n<p style=\"text-align: justify;\">La quota, se il pagamento viene eseguito con carta di credito a favore di PADI per la teoria dell\u2018Online Open Water Diver, \u00e8 non rimborsabili. La quota comprende l\u2019accesso online ai manuali del PADI Open Water Diver o anche Advanced Open Water Diver etc.&nbsp; Cos\u00ec possiamo garantirti la quota di partecipazione totale 478 \u20ac totale per il Open Water, 448 \u20ac totale per il Advanced Open Water che comprende la teoria online, tutta l\u2019attrezzatura, le immersioni ed i vari manuali e il brevetto.<\/p>\n<p><a href=\"https:\/\/www.padi.com\/courses\/scuba-diving-certification-and-education-courses?irra=1770\">Registrazione theoria&nbsp;<\/a><\/p>\n<p>Qui il contatto per eventuali domande per la theoria e prezzi: <a href=\"https:\/\/www.spirosub.isoladelba.it\/it\/contatto-diving\/\">Contatto<\/a>[\/vc_column_text][vc_column_text]<\/p>\n<h4>Quanto tempo ti occorre per completare il corso e-learning?<\/h4>\n<p>Dal momento dell\u2019iscrizione, hai un anno di tempo per completare il corso<\/p>\n<p>Inizia adesso la TEORIA ONLINE dei corsi di immersione: <a href=\"https:\/\/www.padi.com\/courses?irra=1770\" target=\"_blank\" rel=\"noopener\"><img decoding=\"async\" loading=\"lazy\" class=\"aligncenter size-full wp-image-1596\" src=\"https:\/\/www.spirosub.isoladelba.it\/wp-content\/uploads\/2016\/08\/e-learning.gif\" alt=\"e-learning\" width=\"115\" height=\"90\"><\/a><\/p>\n<p style=\"text-align: justify;\">DOPO AVER CLICCATO SULLA RICERCA, appare il nostro indirizzo, seleziona &#8220;Sign up for eLearning&#8221; e scegli la lingua, ad esempio italiano. Continua cliccando &#8220;Purchase an Online Course \u2013 eLearning&#8221; e sei pronto a cominciare.<\/p>\n<p>[\/vc_column_text][\/vc_column][vc_column width=&#8221;1\/4&#8243;][vc_single_image image=&#8221;372&#8243; img_size=&#8221;full&#8221; alignment=&#8221;center&#8221;][vc_separator color=&#8221;blue&#8221;][vc_column_text]<a href=\"https:\/\/www.spirosub.isoladelba.it\/it\/prenotazione-traghetto\/\"><strong>Prenotazione Online Traghetto!<\/strong><\/a>[\/vc_column_text][vc_single_image image=&#8221;418&#8243; img_size=&#8221;full&#8221; alignment=&#8221;center&#8221; onclick=&#8221;custom_link&#8221; link=&#8221;https:\/\/www.spirosub.isoladelba.it\/it\/prenotazione-traghetto\/&#8221;][vc_separator color=&#8221;blue&#8221;][vc_column_text]<a href=\"https:\/\/www.spirosub.isoladelba.it\/it\/richieste-centro-sub-isola-elba\/\"><strong>PRENOTAZIONE CORSI DIVING ONLINE!<\/strong><\/a>[\/vc_column_text][vc_separator color=&#8221;blue&#8221;][vc_facebook][vc_separator color=&#8221;blue&#8221;][vc_single_image image=&#8221;1796&#8243; img_size=&#8221;full&#8221; alignment=&#8221;center&#8221; onclick=&#8221;custom_link&#8221; img_link_target=&#8221;_blank&#8221; link=&#8221;https:\/\/www.padi.Com\/elearning-scuba-registration\/default.aspx?irra=1770&amp;LanguageType=it&#8221;][vc_separator color=&#8221;blue&#8221;][vc_single_image image=&#8221;1800&#8243; img_size=&#8221;full&#8221; alignment=&#8221;center&#8221;][\/vc_column][\/vc_row]<\/p>\n","protected":false},"excerpt":{"rendered":"<p>[vc_row fullwidth=&#8221;yes&#8221; el_class=&#8221;tp-banner-container&#8221;][vc_column][\/vc_column][\/vc_row][vc_row el_class=&#8221;row custom-row&#8221;][vc_column width=&#8221;3\/4&#8243; el_class=&#8221;border&#8221;][vc_column_text] Quali argomenti verranno trattati nel corso Open Water \/ Advanced Open Water? l corso PADI Open Water Diver \u00e8 di gran lunga il pi\u00f9 conosciuto corso di immersione. Milioni di persone hanno gi\u00e0 frequentato questo corso ricevendo il certificato PADI Open Water Diver. Questi richiede da un lato [&hellip;]<\/p>\n","protected":false},"author":1,"featured_media":0,"parent":0,"menu_order":0,"comment_status":"closed","ping_status":"closed","template":"template\/canvas_page.php","meta":[],"yoast_head":"<!-- This site is optimized with the Yoast SEO plugin v20.4 - https:\/\/yoast.com\/wordpress\/plugins\/seo\/ -->\n<title>PADI e-learning per i corsi sub con SpiroSub all&#039;Isola d&#039;Elba.<\/title>\n<meta name=\"description\" content=\"Nell centro sub SpiroSub all&#039;Isola d&#039;Elba a Marina di Campo tutti i corsi di teoria possono essere preparati con i corsi di Padi e-learning.\" \/>\n<meta name=\"robots\" content=\"index, follow, max-snippet:-1, max-image-preview:large, max-video-preview:-1\" \/>\n<link rel=\"canonical\" href=\"https:\/\/www.spirosub.isoladelba.it\/it\/e-learning-per-immersioni\/\" \/>\n<meta property=\"og:locale\" content=\"it_IT\" \/>\n<meta property=\"og:type\" content=\"article\" \/>\n<meta property=\"og:title\" content=\"PADI e-learning per i corsi sub con SpiroSub all&#039;Isola d&#039;Elba.\" \/>\n<meta property=\"og:description\" content=\"Nell centro sub SpiroSub all&#039;Isola d&#039;Elba a Marina di Campo tutti i corsi di teoria possono essere preparati con i corsi di Padi e-learning.\" \/>\n<meta property=\"og:url\" content=\"https:\/\/www.spirosub.isoladelba.it\/it\/e-learning-per-immersioni\/\" \/>\n<meta property=\"og:site_name\" content=\"Spiro Sub - Diving Center Elba\" \/>\n<meta property=\"article:publisher\" content=\"https:\/\/www.facebook.com\/tauchenElbaSpiroSub\" \/>\n<meta property=\"article:modified_time\" content=\"2025-03-14T08:27:22+00:00\" \/>\n<meta property=\"og:image\" content=\"https:\/\/www.spirosub.isoladelba.it\/wp-content\/uploads\/2016\/08\/e-learning.jpg\" \/>\n<meta name=\"twitter:card\" content=\"summary_large_image\" \/>\n<meta name=\"twitter:label1\" content=\"Tempo di lettura stimato\" \/>\n\t<meta name=\"twitter:data1\" content=\"3 minuti\" \/>\n<script type=\"application\/ld+json\" class=\"yoast-schema-graph\">{\"@context\":\"https:\/\/schema.org\",\"@graph\":[{\"@type\":\"WebPage\",\"@id\":\"https:\/\/www.spirosub.isoladelba.it\/it\/e-learning-per-immersioni\/\",\"url\":\"https:\/\/www.spirosub.isoladelba.it\/it\/e-learning-per-immersioni\/\",\"name\":\"PADI e-learning per i corsi sub con SpiroSub all'Isola d'Elba.\",\"isPartOf\":{\"@id\":\"https:\/\/www.spirosub.isoladelba.it\/#website\"},\"datePublished\":\"2016-08-26T09:59:28+00:00\",\"dateModified\":\"2025-03-14T08:27:22+00:00\",\"description\":\"Nell centro sub SpiroSub all'Isola d'Elba a Marina di Campo tutti i corsi di teoria possono essere preparati con i corsi di Padi e-learning.\",\"breadcrumb\":{\"@id\":\"https:\/\/www.spirosub.isoladelba.it\/it\/e-learning-per-immersioni\/#breadcrumb\"},\"inLanguage\":\"it-IT\",\"potentialAction\":[{\"@type\":\"ReadAction\",\"target\":[\"https:\/\/www.spirosub.isoladelba.it\/it\/e-learning-per-immersioni\/\"]}]},{\"@type\":\"BreadcrumbList\",\"@id\":\"https:\/\/www.spirosub.isoladelba.it\/it\/e-learning-per-immersioni\/#breadcrumb\",\"itemListElement\":[{\"@type\":\"ListItem\",\"position\":1,\"name\":\"Home\",\"item\":\"https:\/\/www.spirosub.isoladelba.it\/it\/\"},{\"@type\":\"ListItem\",\"position\":2,\"name\":\"Theoria online &#8211; a casa, alla spiaggia o dove voi\"}]},{\"@type\":\"WebSite\",\"@id\":\"https:\/\/www.spirosub.isoladelba.it\/#website\",\"url\":\"https:\/\/www.spirosub.isoladelba.it\/\",\"name\":\"Spiro Sub - Diving Center Elba\",\"description\":\"Centro Sub dal 1974\",\"publisher\":{\"@id\":\"https:\/\/www.spirosub.isoladelba.it\/#organization\"},\"potentialAction\":[{\"@type\":\"SearchAction\",\"target\":{\"@type\":\"EntryPoint\",\"urlTemplate\":\"https:\/\/www.spirosub.isoladelba.it\/?s={search_term_string}\"},\"query-input\":\"required name=search_term_string\"}],\"inLanguage\":\"it-IT\"},{\"@type\":\"Organization\",\"@id\":\"https:\/\/www.spirosub.isoladelba.it\/#organization\",\"name\":\"SPIRO SUB DIVING ELBA\",\"url\":\"https:\/\/www.spirosub.isoladelba.it\/\",\"logo\":{\"@type\":\"ImageObject\",\"inLanguage\":\"it-IT\",\"@id\":\"https:\/\/www.spirosub.isoladelba.it\/#\/schema\/logo\/image\/\",\"url\":\"https:\/\/www.spirosub.isoladelba.it\/wp-content\/uploads\/2016\/02\/spiro-logo.png\",\"contentUrl\":\"https:\/\/www.spirosub.isoladelba.it\/wp-content\/uploads\/2016\/02\/spiro-logo.png\",\"width\":200,\"height\":145,\"caption\":\"SPIRO SUB DIVING ELBA\"},\"image\":{\"@id\":\"https:\/\/www.spirosub.isoladelba.it\/#\/schema\/logo\/image\/\"},\"sameAs\":[\"https:\/\/www.facebook.com\/tauchenElbaSpiroSub\",\"https:\/\/www.instagram.com\/divingspirosubelba\/\",\"https:\/\/www.youtube.com\/channel\/UCvnWkk1qGZ-R27bVI_Hzrpg\"]}]}<\/script>\n<!-- \/ Yoast SEO plugin. -->","yoast_head_json":{"title":"PADI e-learning per i corsi sub con SpiroSub all'Isola d'Elba.","description":"Nell centro sub SpiroSub all'Isola d'Elba a Marina di Campo tutti i corsi di teoria possono essere preparati con i corsi di Padi e-learning.","robots":{"index":"index","follow":"follow","max-snippet":"max-snippet:-1","max-image-preview":"max-image-preview:large","max-video-preview":"max-video-preview:-1"},"canonical":"https:\/\/www.spirosub.isoladelba.it\/it\/e-learning-per-immersioni\/","og_locale":"it_IT","og_type":"article","og_title":"PADI e-learning per i corsi sub con SpiroSub all'Isola d'Elba.","og_description":"Nell centro sub SpiroSub all'Isola d'Elba a Marina di Campo tutti i corsi di teoria possono essere preparati con i corsi di Padi e-learning.","og_url":"https:\/\/www.spirosub.isoladelba.it\/it\/e-learning-per-immersioni\/","og_site_name":"Spiro Sub - Diving Center Elba","article_publisher":"https:\/\/www.facebook.com\/tauchenElbaSpiroSub","article_modified_time":"2025-03-14T08:27:22+00:00","og_image":[{"url":"https:\/\/www.spirosub.isoladelba.it\/wp-content\/uploads\/2016\/08\/e-learning.jpg"}],"twitter_card":"summary_large_image","twitter_misc":{"Tempo di lettura stimato":"3 minuti"},"schema":{"@context":"https:\/\/schema.org","@graph":[{"@type":"WebPage","@id":"https:\/\/www.spirosub.isoladelba.it\/it\/e-learning-per-immersioni\/","url":"https:\/\/www.spirosub.isoladelba.it\/it\/e-learning-per-immersioni\/","name":"PADI e-learning per i corsi sub con SpiroSub all'Isola d'Elba.","isPartOf":{"@id":"https:\/\/www.spirosub.isoladelba.it\/#website"},"datePublished":"2016-08-26T09:59:28+00:00","dateModified":"2025-03-14T08:27:22+00:00","description":"Nell centro sub SpiroSub all'Isola d'Elba a Marina di Campo tutti i corsi di teoria possono essere preparati con i corsi di Padi e-learning.","breadcrumb":{"@id":"https:\/\/www.spirosub.isoladelba.it\/it\/e-learning-per-immersioni\/#breadcrumb"},"inLanguage":"it-IT","potentialAction":[{"@type":"ReadAction","target":["https:\/\/www.spirosub.isoladelba.it\/it\/e-learning-per-immersioni\/"]}]},{"@type":"BreadcrumbList","@id":"https:\/\/www.spirosub.isoladelba.it\/it\/e-learning-per-immersioni\/#breadcrumb","itemListElement":[{"@type":"ListItem","position":1,"name":"Home","item":"https:\/\/www.spirosub.isoladelba.it\/it\/"},{"@type":"ListItem","position":2,"name":"Theoria online &#8211; a casa, alla spiaggia o dove voi"}]},{"@type":"WebSite","@id":"https:\/\/www.spirosub.isoladelba.it\/#website","url":"https:\/\/www.spirosub.isoladelba.it\/","name":"Spiro Sub - Diving Center Elba","description":"Centro Sub dal 1974","publisher":{"@id":"https:\/\/www.spirosub.isoladelba.it\/#organization"},"potentialAction":[{"@type":"SearchAction","target":{"@type":"EntryPoint","urlTemplate":"https:\/\/www.spirosub.isoladelba.it\/?s={search_term_string}"},"query-input":"required name=search_term_string"}],"inLanguage":"it-IT"},{"@type":"Organization","@id":"https:\/\/www.spirosub.isoladelba.it\/#organization","name":"SPIRO SUB DIVING ELBA","url":"https:\/\/www.spirosub.isoladelba.it\/","logo":{"@type":"ImageObject","inLanguage":"it-IT","@id":"https:\/\/www.spirosub.isoladelba.it\/#\/schema\/logo\/image\/","url":"https:\/\/www.spirosub.isoladelba.it\/wp-content\/uploads\/2016\/02\/spiro-logo.png","contentUrl":"https:\/\/www.spirosub.isoladelba.it\/wp-content\/uploads\/2016\/02\/spiro-logo.png","width":200,"height":145,"caption":"SPIRO SUB DIVING ELBA"},"image":{"@id":"https:\/\/www.spirosub.isoladelba.it\/#\/schema\/logo\/image\/"},"sameAs":["https:\/\/www.facebook.com\/tauchenElbaSpiroSub","https:\/\/www.instagram.com\/divingspirosubelba\/","https:\/\/www.youtube.com\/channel\/UCvnWkk1qGZ-R27bVI_Hzrpg"]}]}},"_links":{"self":[{"href":"https:\/\/www.spirosub.isoladelba.it\/it\/wp-json\/wp\/v2\/pages\/1586"}],"collection":[{"href":"https:\/\/www.spirosub.isoladelba.it\/it\/wp-json\/wp\/v2\/pages"}],"about":[{"href":"https:\/\/www.spirosub.isoladelba.it\/it\/wp-json\/wp\/v2\/types\/page"}],"author":[{"embeddable":true,"href":"https:\/\/www.spirosub.isoladelba.it\/it\/wp-json\/wp\/v2\/users\/1"}],"replies":[{"embeddable":true,"href":"https:\/\/www.spirosub.isoladelba.it\/it\/wp-json\/wp\/v2\/comments?post=1586"}],"version-history":[{"count":23,"href":"https:\/\/www.spirosub.isoladelba.it\/it\/wp-json\/wp\/v2\/pages\/1586\/revisions"}],"predecessor-version":[{"id":4666,"href":"https:\/\/www.spirosub.isoladelba.it\/it\/wp-json\/wp\/v2\/pages\/1586\/revisions\/4666"}],"wp:attachment":[{"href":"https:\/\/www.spirosub.isoladelba.it\/it\/wp-json\/wp\/v2\/media?parent=1586"}],"curies":[{"name":"wp","href":"https:\/\/api.w.org\/{rel}","templated":true}]}}