{"id":1558,"date":"2016-08-22T15:59:17","date_gmt":"2016-08-22T13:59:17","guid":{"rendered":"https:\/\/www.spirosub.isoladelba.it\/it\/?page_id=1558"},"modified":"2025-03-30T10:49:34","modified_gmt":"2025-03-30T08:49:34","slug":"isola-pianosa-immersioni","status":"publish","type":"page","link":"https:\/\/www.spirosub.isoladelba.it\/it\/isola-pianosa-immersioni\/","title":{"rendered":"Pianosa &#8211; splendide immersioni mai visto cosi"},"content":{"rendered":"<p>[vc_row fullwidth=&#8221;yes&#8221; el_class=&#8221;tp-banner-container&#8221;][vc_column]   <div class=\"tp-banner\" >\n  <ul>\n    <li data-transition=\"fade\" data-slotamount=\"1\" data-masterspeed=\"500\" data-saveperformance=\"on\" >\n    <!-- MAIN IMAGE -->\n    <img src=\"https:\/\/www.spirosub.isoladelba.it\/wp-content\/uploads\/2016\/08\/aa-pianosa-top.jpg\" alt=\"\"  data-bgposition=\"center top\" data-kenburns=\"on\" data-duration=\"12000\" data-ease=\"Linear.easeNone\" data-bgfit=\"115\" data-bgfitend=\"100\" data-bgpositionend=\"center center\">\n        <div class=\"tp-caption white_heavy_70 tp-fade fadeout tp-resizeme\"\n      data-x=\"center\" data-hoffset=\"0\"\n      data-y=\"center\" data-voffset=\"10\"\n      data-speed=\"500\"\n      data-start=\"500\"\n      data-easing=\"Power4.easeOut\"\n      data-splitin=\"chars\"\n      data-splitout=\"chars\"\n      data-elementdelay=\"0.05\"\n      data-endelementdelay=\"0.05\"\n      data-endspeed=\"300\"\n      data-endeasing=\"Power1.easeOut\"\n      style=\"z-index: 3; max-width: auto; max-height: auto; white-space: nowrap;\">    <\/div>\n    <\/li>\n  <\/ul>\n<\/div>\n  <div id=\"waves\" style=\"background: url(https:\/\/www.spirosub.isoladelba.it\/wp-content\/uploads\/2016\/08\/newwave-blu-chiaro-trans.png) repeat-x 0 0;\"><\/div>\n[\/vc_column][\/vc_row][vc_row el_class=&#8221;row custom-row&#8221;][vc_column width=&#8221;3\/4&#8243; el_class=&#8221;border&#8221;]<ul class=\"breadcrumb\"><li><a rel=\"v:url\" property=\"v:title\" href=\"https:\/\/www.spirosub.isoladelba.it\/it\/\">Home<\/a><\/li><li class=\"active\">Pagina<\/li><\/ul><h1>Pianosa &#8211; splendide immersioni mai visto cosi<\/h1>\n<p class=\"lead\">\n  Pianosa, nuovi siti di immersione incontaminati<\/p>\n<hr class=\"rope\">\n[vc_column_text]<\/p>\n<h4>Informazioni utili sull\u2019Isola di Pianosa<\/h4>\n<p style=\"text-align: justify;\">Pianosa dista 14 km a sud-ovest dall\u2018Elba (misurando da Marina di Campo), 26 km dall\u2019isola di Montecristo e 26 km dalla terraferma italiana, \u00e8 circa 4,5 km di larghezza e quasi 6 km di lunghezza. Avvicinandosi all\u2019isola salta subito all\u2019occhio l\u2019imponente costruzione dell\u2019ex complesso carcerario cos\u00ec come il porto ed il piccolo villaggio.<\/p>\n<p style=\"text-align: justify;\">Fino al 1998, nei vari secoli, Pianosa \u00e8 stata utilizzata dalla giustizia italiana per rinchiude i detenuti nel penitenziario. Oggi, i suoi abitanti, sono ex dipendenti del carcere ed ex detenuti. Il porto deve e viene utilizzato solo per le emergenze, rispettando cos\u00ec le distanze minime necessarie dall\u2019isola. Separata parecchi anni dal mondo esterno, l\u2019isola, \u00e8 praticamente una riserva naturale sia sopra, sulla terraferma, che sotto, nei fondali marini caratterizzati da acque cristalline ed una magnifica biodiversit\u00e0 marina.<\/p>\n<p>[\/vc_column_text]  \n<div class=\"carousel\">\n   <div class=\"item\">\n    <img src=\"https:\/\/www.spirosub.isoladelba.it\/wp-content\/uploads\/bfi_thumb\/aa-pianosa-01-36uzqopee6v47ueo3pqnsw.jpg\" alt=\"\">\n  <\/div>\n   <div class=\"item\">\n    <img src=\"https:\/\/www.spirosub.isoladelba.it\/wp-content\/uploads\/bfi_thumb\/aa-pianosa-02-36uzqoyg2rxhrxwevg3z0g.jpg\" alt=\"\">\n  <\/div>\n   <div class=\"item\">\n    <img src=\"https:\/\/www.spirosub.isoladelba.it\/wp-content\/uploads\/bfi_thumb\/aa-pianosa-03-36uzqu3wkrs7pxi5nyoutc.jpg\" alt=\"\">\n  <\/div>\n   <div class=\"item\">\n    <img src=\"https:\/\/www.spirosub.isoladelba.it\/wp-content\/uploads\/bfi_thumb\/aa-pianosa-04-36uzqruhfi6tp22gqdd1xc.jpg\" alt=\"\">\n  <\/div>\n<\/div>\n\n[vc_column_text]<\/p>\n<h4>Pianosa \u2013 Immersioni subacquee<\/h4>\n<p style=\"text-align: justify;\">Da Luglio 2013 l\u2019amministrazione del Parco Nazionale rende accessibile, anche se in maniera molto controllata, le immersioni subacquee nelle acque di Pianosa. Queste sono consentite solo in alcuni giorni della settimana e solo in alcune fasce orarie tramite appuntamenti organizzati. I subacquei devono sempre essere accompagnati da una guida autorizzata chiamata Guida Ambientale Subacquea (GAS). Per le immersioni \u00e8 richiesto il brevetto minimo ADVANCED (Aowd). La Guida pu\u00f2 accompagnare fino a 6 subacquei per volta.<\/p>\n<p style=\"text-align: justify;\">Lo sforzo dell\u2019immersione viene senz\u2019altro ricambiato: nella zona di protezione 1 del Parco Nazionale si pu\u00f2 arrivare fino a 40 mt di profondit\u00e0 con fondali ricchi di coralli rossi (le gorgonie) e cernie di tutte le dimensioni, pesci luna, grossi branchi di barracuda e ricciole. La bellezza di quest\u2019aria, salvaguardata ormai da parecchi anni, \u00e8 ben visibile ai subacquei. Per coloro che vogliono scoprire una parte ancor pi\u00f9 meravigliosa del Mediterraneo, Pianosa risulta essere un MUST.<\/p>\n<p style=\"text-align: justify;\">per una mappa con le aree d&#8217;immersione all&#8217;Isola di Pianosa <span id=\"result_box\" class=\"\" lang=\"it\"><a href=\"https:\/\/drive.google.com\/open?id=1zUBHMpYgG4m0tayYrXD8GEuEFIY&amp;usp=sharing\" target=\"_blank\" rel=\"noopener\">clicca qui<\/a><\/span><\/p>\n<p>[\/vc_column_text]  \n<div class=\"carousel\">\n   <div class=\"item\">\n    <img src=\"https:\/\/www.spirosub.isoladelba.it\/wp-content\/uploads\/bfi_thumb\/aa-pianosa-05-36uzqulzxxwyu4hn7ffh8g.jpg\" alt=\"\">\n  <\/div>\n   <div class=\"item\">\n    <img src=\"https:\/\/www.spirosub.isoladelba.it\/wp-content\/uploads\/bfi_thumb\/aa-pianosa-06-36uzquqis8g5m68ilam4u8.jpg\" alt=\"\">\n  <\/div>\n   <div class=\"item\">\n    <img src=\"https:\/\/www.spirosub.isoladelba.it\/wp-content\/uploads\/bfi_thumb\/aa-pianosa-07-36uzquv1mizce7zdz5ssg0.jpg\" alt=\"\">\n  <\/div>\n<\/div>\n\n[vc_column_text]<\/p>\n<h4>Pianosa \u2013 Le tariffe<\/h4>\n<p style=\"text-align: justify;\">Tutti i centri autorizzati alle immersioni pagano una quota annuale al Parco Nazionale. Anche per quanto riguarda la prenotazione delle immersioni, per le boe, viene elargito un pagamento di 35 \u20ac ad immersione. Per quanto riguarda la boa, ad esempio, in caso di maltempo, la direzione amministrativa del Parco toscano restituir\u00e0 quanto pagato per la prenotazione. Regolarmente, a causa della distanza, i trasferimenti vengono effettuati due volte al giorno. A secondo dell\u2019orario di partenza (considerando un intervallo di tempo di +\/- 15 minuti di partenza per le immersioni), l\u2019orario di ritorno \u00e8 previsto nel primo pomeriggio o alla sera. Le boe possono essere fissate nei giorni ed alle condizioni stabilite dall\u2019amministrazione del Parco.<\/p>\n<p>Ci\u00f2 significa che, prima verr\u00e0 effettuata la registrazione delle immersioni presso le nostre sedi e prima si avr\u00e0 possibilit\u00e0 che questi venga effettivamente realizzata. Cos\u00ec si potr\u00e0 pianificare tutto di conseguenza.<br \/>\nPer partire, regolarmente, abbiamo bisogno minimo da 6 ad 8 subacquei.<\/p>\n<p>Il costo ci prese 2 immersioni incluso di tasse, bombole di ossigeno e trasferimento in barca, bevande, e per esempio frutta e tranci di pizza durante il viaggio di andata e ritorno. Per ulteriori informazioni, scriveteci alla <a href=\"mailto:spirosub-volki@elbalink.it\">spirosub-volki@elbalink.it<\/a> o <a href=\"mailto:volki.ka@gmx.de\">volki.ka@gmx.de<\/a> \/<\/p>\n<p>Incontro alle ore 7:00 all Diving Center[\/vc_column_text][\/vc_column][vc_column width=&#8221;1\/4&#8243;][vc_single_image image=&#8221;372&#8243; img_size=&#8221;full&#8221; alignment=&#8221;center&#8221;][vc_separator color=&#8221;blue&#8221;][vc_column_text]<a href=\"https:\/\/www.spirosub.isoladelba.it\/it\/prenotazione-traghetto\/\"><strong>Prenotazione Online Traghetto!<\/strong><\/a>[\/vc_column_text][vc_single_image image=&#8221;418&#8243; img_size=&#8221;full&#8221; alignment=&#8221;center&#8221; onclick=&#8221;custom_link&#8221; link=&#8221;https:\/\/www.spirosub.isoladelba.it\/it\/prenotazione-traghetto\/&#8221;][vc_separator color=&#8221;blue&#8221;][vc_column_text]<a href=\"https:\/\/www.spirosub.isoladelba.it\/it\/richieste-centro-sub-isola-elba\/\"><strong>PRENOTAZIONE CORSI DIVING ONLINE!<\/strong><\/a>[\/vc_column_text][vc_separator color=&#8221;blue&#8221;][vc_facebook][vc_separator color=&#8221;blue&#8221;][vc_single_image image=&#8221;1796&#8243; img_size=&#8221;full&#8221; alignment=&#8221;center&#8221; onclick=&#8221;custom_link&#8221; img_link_target=&#8221;_blank&#8221; link=&#8221;https:\/\/www.padi.Com\/elearning-scuba-registration\/default.aspx?irra=1770&amp;LanguageType=it&#8221;][vc_separator color=&#8221;blue&#8221;][vc_single_image image=&#8221;1800&#8243; img_size=&#8221;full&#8221; alignment=&#8221;center&#8221;][\/vc_column][\/vc_row]<\/p>\n","protected":false},"excerpt":{"rendered":"<p>[vc_row fullwidth=&#8221;yes&#8221; el_class=&#8221;tp-banner-container&#8221;][vc_column][\/vc_column][\/vc_row][vc_row el_class=&#8221;row custom-row&#8221;][vc_column width=&#8221;3\/4&#8243; el_class=&#8221;border&#8221;][vc_column_text] Informazioni utili sull\u2019Isola di Pianosa Pianosa dista 14 km a sud-ovest dall\u2018Elba (misurando da Marina di Campo), 26 km dall\u2019isola di Montecristo e 26 km dalla terraferma italiana, \u00e8 circa 4,5 km di larghezza e quasi 6 km di lunghezza. Avvicinandosi all\u2019isola salta subito all\u2019occhio l\u2019imponente costruzione dell\u2019ex [&hellip;]<\/p>\n","protected":false},"author":1,"featured_media":0,"parent":0,"menu_order":0,"comment_status":"closed","ping_status":"closed","template":"template\/canvas_page.php","meta":[],"yoast_head":"<!-- This site is optimized with the Yoast SEO plugin v20.4 - https:\/\/yoast.com\/wordpress\/plugins\/seo\/ -->\n<title>isola Pianosa nuovi immersione incontaminati-grande avventura<\/title>\n<meta name=\"description\" content=\"isola Pianosa: acqua cristallina, natura, flora e fauna incontaminata. Un&#039;avventura che nessun subacqueo dovrebbe mancare.\" \/>\n<meta name=\"robots\" content=\"index, follow, max-snippet:-1, max-image-preview:large, max-video-preview:-1\" \/>\n<link rel=\"canonical\" href=\"https:\/\/www.spirosub.isoladelba.it\/it\/isola-pianosa-immersioni\/\" \/>\n<meta property=\"og:locale\" content=\"it_IT\" \/>\n<meta property=\"og:type\" content=\"article\" \/>\n<meta property=\"og:title\" content=\"isola Pianosa nuovi immersione incontaminati-grande avventura\" \/>\n<meta property=\"og:description\" content=\"isola Pianosa: acqua cristallina, natura, flora e fauna incontaminata. Un&#039;avventura che nessun subacqueo dovrebbe mancare.\" \/>\n<meta property=\"og:url\" content=\"https:\/\/www.spirosub.isoladelba.it\/it\/isola-pianosa-immersioni\/\" \/>\n<meta property=\"og:site_name\" content=\"Spiro Sub - Diving Center Elba\" \/>\n<meta property=\"article:publisher\" content=\"https:\/\/www.facebook.com\/tauchenElbaSpiroSub\" \/>\n<meta property=\"article:modified_time\" content=\"2025-03-30T08:49:34+00:00\" \/>\n<meta name=\"twitter:card\" content=\"summary_large_image\" \/>\n<meta name=\"twitter:label1\" content=\"Tempo di lettura stimato\" \/>\n\t<meta name=\"twitter:data1\" content=\"3 minuti\" \/>\n<script type=\"application\/ld+json\" class=\"yoast-schema-graph\">{\"@context\":\"https:\/\/schema.org\",\"@graph\":[{\"@type\":\"WebPage\",\"@id\":\"https:\/\/www.spirosub.isoladelba.it\/it\/isola-pianosa-immersioni\/\",\"url\":\"https:\/\/www.spirosub.isoladelba.it\/it\/isola-pianosa-immersioni\/\",\"name\":\"isola Pianosa nuovi immersione incontaminati-grande avventura\",\"isPartOf\":{\"@id\":\"https:\/\/www.spirosub.isoladelba.it\/#website\"},\"datePublished\":\"2016-08-22T13:59:17+00:00\",\"dateModified\":\"2025-03-30T08:49:34+00:00\",\"description\":\"isola Pianosa: acqua cristallina, natura, flora e fauna incontaminata. Un'avventura che nessun subacqueo dovrebbe mancare.\",\"breadcrumb\":{\"@id\":\"https:\/\/www.spirosub.isoladelba.it\/it\/isola-pianosa-immersioni\/#breadcrumb\"},\"inLanguage\":\"it-IT\",\"potentialAction\":[{\"@type\":\"ReadAction\",\"target\":[\"https:\/\/www.spirosub.isoladelba.it\/it\/isola-pianosa-immersioni\/\"]}]},{\"@type\":\"BreadcrumbList\",\"@id\":\"https:\/\/www.spirosub.isoladelba.it\/it\/isola-pianosa-immersioni\/#breadcrumb\",\"itemListElement\":[{\"@type\":\"ListItem\",\"position\":1,\"name\":\"Home\",\"item\":\"https:\/\/www.spirosub.isoladelba.it\/it\/\"},{\"@type\":\"ListItem\",\"position\":2,\"name\":\"Pianosa &#8211; splendide immersioni mai visto cosi\"}]},{\"@type\":\"WebSite\",\"@id\":\"https:\/\/www.spirosub.isoladelba.it\/#website\",\"url\":\"https:\/\/www.spirosub.isoladelba.it\/\",\"name\":\"Spiro Sub - Diving Center Elba\",\"description\":\"Centro Sub dal 1974\",\"publisher\":{\"@id\":\"https:\/\/www.spirosub.isoladelba.it\/#organization\"},\"potentialAction\":[{\"@type\":\"SearchAction\",\"target\":{\"@type\":\"EntryPoint\",\"urlTemplate\":\"https:\/\/www.spirosub.isoladelba.it\/?s={search_term_string}\"},\"query-input\":\"required name=search_term_string\"}],\"inLanguage\":\"it-IT\"},{\"@type\":\"Organization\",\"@id\":\"https:\/\/www.spirosub.isoladelba.it\/#organization\",\"name\":\"SPIRO SUB DIVING ELBA\",\"url\":\"https:\/\/www.spirosub.isoladelba.it\/\",\"logo\":{\"@type\":\"ImageObject\",\"inLanguage\":\"it-IT\",\"@id\":\"https:\/\/www.spirosub.isoladelba.it\/#\/schema\/logo\/image\/\",\"url\":\"https:\/\/www.spirosub.isoladelba.it\/wp-content\/uploads\/2016\/02\/spiro-logo.png\",\"contentUrl\":\"https:\/\/www.spirosub.isoladelba.it\/wp-content\/uploads\/2016\/02\/spiro-logo.png\",\"width\":200,\"height\":145,\"caption\":\"SPIRO SUB DIVING ELBA\"},\"image\":{\"@id\":\"https:\/\/www.spirosub.isoladelba.it\/#\/schema\/logo\/image\/\"},\"sameAs\":[\"https:\/\/www.facebook.com\/tauchenElbaSpiroSub\",\"https:\/\/www.instagram.com\/divingspirosubelba\/\",\"https:\/\/www.youtube.com\/channel\/UCvnWkk1qGZ-R27bVI_Hzrpg\"]}]}<\/script>\n<!-- \/ Yoast SEO plugin. -->","yoast_head_json":{"title":"isola Pianosa nuovi immersione incontaminati-grande avventura","description":"isola Pianosa: acqua cristallina, natura, flora e fauna incontaminata. Un'avventura che nessun subacqueo dovrebbe mancare.","robots":{"index":"index","follow":"follow","max-snippet":"max-snippet:-1","max-image-preview":"max-image-preview:large","max-video-preview":"max-video-preview:-1"},"canonical":"https:\/\/www.spirosub.isoladelba.it\/it\/isola-pianosa-immersioni\/","og_locale":"it_IT","og_type":"article","og_title":"isola Pianosa nuovi immersione incontaminati-grande avventura","og_description":"isola Pianosa: acqua cristallina, natura, flora e fauna incontaminata. Un'avventura che nessun subacqueo dovrebbe mancare.","og_url":"https:\/\/www.spirosub.isoladelba.it\/it\/isola-pianosa-immersioni\/","og_site_name":"Spiro Sub - Diving Center Elba","article_publisher":"https:\/\/www.facebook.com\/tauchenElbaSpiroSub","article_modified_time":"2025-03-30T08:49:34+00:00","twitter_card":"summary_large_image","twitter_misc":{"Tempo di lettura stimato":"3 minuti"},"schema":{"@context":"https:\/\/schema.org","@graph":[{"@type":"WebPage","@id":"https:\/\/www.spirosub.isoladelba.it\/it\/isola-pianosa-immersioni\/","url":"https:\/\/www.spirosub.isoladelba.it\/it\/isola-pianosa-immersioni\/","name":"isola Pianosa nuovi immersione incontaminati-grande avventura","isPartOf":{"@id":"https:\/\/www.spirosub.isoladelba.it\/#website"},"datePublished":"2016-08-22T13:59:17+00:00","dateModified":"2025-03-30T08:49:34+00:00","description":"isola Pianosa: acqua cristallina, natura, flora e fauna incontaminata. Un'avventura che nessun subacqueo dovrebbe mancare.","breadcrumb":{"@id":"https:\/\/www.spirosub.isoladelba.it\/it\/isola-pianosa-immersioni\/#breadcrumb"},"inLanguage":"it-IT","potentialAction":[{"@type":"ReadAction","target":["https:\/\/www.spirosub.isoladelba.it\/it\/isola-pianosa-immersioni\/"]}]},{"@type":"BreadcrumbList","@id":"https:\/\/www.spirosub.isoladelba.it\/it\/isola-pianosa-immersioni\/#breadcrumb","itemListElement":[{"@type":"ListItem","position":1,"name":"Home","item":"https:\/\/www.spirosub.isoladelba.it\/it\/"},{"@type":"ListItem","position":2,"name":"Pianosa &#8211; splendide immersioni mai visto cosi"}]},{"@type":"WebSite","@id":"https:\/\/www.spirosub.isoladelba.it\/#website","url":"https:\/\/www.spirosub.isoladelba.it\/","name":"Spiro Sub - Diving Center Elba","description":"Centro Sub dal 1974","publisher":{"@id":"https:\/\/www.spirosub.isoladelba.it\/#organization"},"potentialAction":[{"@type":"SearchAction","target":{"@type":"EntryPoint","urlTemplate":"https:\/\/www.spirosub.isoladelba.it\/?s={search_term_string}"},"query-input":"required name=search_term_string"}],"inLanguage":"it-IT"},{"@type":"Organization","@id":"https:\/\/www.spirosub.isoladelba.it\/#organization","name":"SPIRO SUB DIVING ELBA","url":"https:\/\/www.spirosub.isoladelba.it\/","logo":{"@type":"ImageObject","inLanguage":"it-IT","@id":"https:\/\/www.spirosub.isoladelba.it\/#\/schema\/logo\/image\/","url":"https:\/\/www.spirosub.isoladelba.it\/wp-content\/uploads\/2016\/02\/spiro-logo.png","contentUrl":"https:\/\/www.spirosub.isoladelba.it\/wp-content\/uploads\/2016\/02\/spiro-logo.png","width":200,"height":145,"caption":"SPIRO SUB DIVING ELBA"},"image":{"@id":"https:\/\/www.spirosub.isoladelba.it\/#\/schema\/logo\/image\/"},"sameAs":["https:\/\/www.facebook.com\/tauchenElbaSpiroSub","https:\/\/www.instagram.com\/divingspirosubelba\/","https:\/\/www.youtube.com\/channel\/UCvnWkk1qGZ-R27bVI_Hzrpg"]}]}},"_links":{"self":[{"href":"https:\/\/www.spirosub.isoladelba.it\/it\/wp-json\/wp\/v2\/pages\/1558"}],"collection":[{"href":"https:\/\/www.spirosub.isoladelba.it\/it\/wp-json\/wp\/v2\/pages"}],"about":[{"href":"https:\/\/www.spirosub.isoladelba.it\/it\/wp-json\/wp\/v2\/types\/page"}],"author":[{"embeddable":true,"href":"https:\/\/www.spirosub.isoladelba.it\/it\/wp-json\/wp\/v2\/users\/1"}],"replies":[{"embeddable":true,"href":"https:\/\/www.spirosub.isoladelba.it\/it\/wp-json\/wp\/v2\/comments?post=1558"}],"version-history":[{"count":14,"href":"https:\/\/www.spirosub.isoladelba.it\/it\/wp-json\/wp\/v2\/pages\/1558\/revisions"}],"predecessor-version":[{"id":4660,"href":"https:\/\/www.spirosub.isoladelba.it\/it\/wp-json\/wp\/v2\/pages\/1558\/revisions\/4660"}],"wp:attachment":[{"href":"https:\/\/www.spirosub.isoladelba.it\/it\/wp-json\/wp\/v2\/media?parent=1558"}],"curies":[{"name":"wp","href":"https:\/\/api.w.org\/{rel}","templated":true}]}}