{"id":1465,"date":"2016-02-26T03:12:08","date_gmt":"2016-02-26T03:12:08","guid":{"rendered":"https:\/\/www.spirosub.isoladelba.it\/it\/?page_id=1465"},"modified":"2025-11-05T12:47:04","modified_gmt":"2025-11-05T11:47:04","slug":"scuola-sub-elba-chi-siamo","status":"publish","type":"page","link":"https:\/\/www.spirosub.isoladelba.it\/it\/scuola-sub-elba-chi-siamo\/","title":{"rendered":"La scuola sub: Chi Siamo"},"content":{"rendered":"<p>[vc_row fullwidth=&#8221;yes&#8221; el_class=&#8221;tp-banner-container&#8221;][vc_column]   <div class=\"tp-banner\" >\n  <ul>\n    <li data-transition=\"fade\" data-slotamount=\"1\" data-masterspeed=\"500\" data-saveperformance=\"on\" >\n    <!-- MAIN IMAGE -->\n    <img src=\"https:\/\/www.spirosub.isoladelba.it\/wp-content\/uploads\/2016\/02\/aa-marianna-top.jpg\" alt=\"\"  data-bgposition=\"center top\" data-kenburns=\"on\" data-duration=\"12000\" data-ease=\"Linear.easeNone\" data-bgfit=\"115\" data-bgfitend=\"100\" data-bgpositionend=\"center center\">\n        <div class=\"tp-caption white_heavy_70 tp-fade fadeout tp-resizeme\"\n      data-x=\"center\" data-hoffset=\"0\"\n      data-y=\"center\" data-voffset=\"10\"\n      data-speed=\"500\"\n      data-start=\"500\"\n      data-easing=\"Power4.easeOut\"\n      data-splitin=\"chars\"\n      data-splitout=\"chars\"\n      data-elementdelay=\"0.05\"\n      data-endelementdelay=\"0.05\"\n      data-endspeed=\"300\"\n      data-endeasing=\"Power1.easeOut\"\n      style=\"z-index: 3; max-width: auto; max-height: auto; white-space: nowrap;\">    <\/div>\n    <\/li>\n  <\/ul>\n<\/div>\n  <div id=\"waves\" style=\"background: url(https:\/\/www.spirosub.isoladelba.it\/wp-content\/uploads\/2016\/08\/newwave-blu-chiaro-trans.png) repeat-x 0 0;\"><\/div>\n[\/vc_column][\/vc_row][vc_row el_class=&#8221;row custom-row&#8221;][vc_column width=&#8221;3\/4&#8243; el_class=&#8221;border&#8221;]<ul class=\"breadcrumb\"><li><a rel=\"v:url\" property=\"v:title\" href=\"https:\/\/www.spirosub.isoladelba.it\/it\/\">Home<\/a><\/li><li class=\"active\">Pagina<\/li><\/ul><h1>La scuola sub: Chi Siamo<\/h1>\n<p class=\"lead\">\n  Scuola sub dal 1974<\/p>\n<hr class=\"rope\">\n  \n<div class=\"carousel\">\n   <div class=\"item\">\n    <img src=\"https:\/\/www.spirosub.isoladelba.it\/wp-content\/uploads\/bfi_thumb\/aa-spiro-sub-01-36uzpoe57mtp1topsdb5z4.jpg\" alt=\"\">\n  <\/div>\n   <div class=\"item\">\n    <img src=\"https:\/\/www.spirosub.isoladelba.it\/wp-content\/uploads\/bfi_thumb\/aa-spiro-sub-02-36uzpt1icgjnvmaz1f5fcw.jpg\" alt=\"\">\n  <\/div>\n   <div class=\"item\">\n    <img src=\"https:\/\/www.spirosub.isoladelba.it\/wp-content\/uploads\/bfi_thumb\/aa-spiro-sub-03-36uzpvjz6b7fgl8eqqujgg.jpg\" alt=\"\">\n  <\/div>\n<\/div>\n\n[vc_column_text]<\/p>\n<p style=\"text-align: justify;\">La nostra scuola sub il SPIRO SUB DIVING \u2013 ELBA \u00e8 in attivit\u00e0 dal 1974 qui a Marina di Campo. Considerando l\u2019asse da Nord a Sud, Procchio \u2013 Marina di Campo, essa si trova nella parte occidentale dell\u2019Isola d\u2019Elba ed \u00e8 l\u2019unico centro DIVING, tedesco, in tutta la Regione. I nostri ospiti arrivano da tutta Europa: Olanda, Germania, Svizzera, Austria, Francia, Italia\u2026\u2026 Ci prendiamo cura dei nostri ospiti in lingua tedesca, inglese ed italiano.<\/p>\n<p>[\/vc_column_text][vc_video link=&#8221;https:\/\/www.youtube.com\/watch?v=yzC4koZ0NhU&amp;feature=youtu.be&#8221;][vc_column_text]<\/p>\n<p style=\"text-align: justify;\"><strong>La reppresentante della nostra scuola sub,<\/strong><\/p>\n<p style=\"text-align: justify;\">La MARIANNA, \u00e8 una barca da pesca in legno atta alla navigazione. Lo scafo di 12 m. di lunghezza \u00e8 stato costruito nel 1979 a La Spezia come barca da pesca. Queste imbarcazioni sono costruite specificatamente per navigare il Mediterraneo in qualsiasi condizione atmosferica. Il primo proprietario ha anche ampliato lo scafo adattandolo anche alla pesca sportiva.<br \/>\nQuando abbiamo acquisito la Marianna, abbiamo provveduto, in modo completo, a revisionarla interamente equipaggiandola come barca per le immersioni, montando le scalette e le guide su misura. Nella sala macchine \u00e8 stato montato un potente sistema di compressione BAUER ed installato una Toilette, pensando soprattutto alle nostre ospiti donne.<br \/>\nLa timoniera, molto spaziosa, offre riparo durante il maltempo ed \u00e8 equipaggiata con radio marino VHS, ecoscandaglio 3D, navigatore digitale, telefono e tutte le attrezzature di controllo necessarie. La MARIANNA \u00e8 ufficialmente omologata per 12 subacquei e attrezzatura relativa. Per la navigazione, di circa 8 Nodi, ci affidiamo ad un motore marino diesel 87 PS, FIATAifo.<\/p>\n<p>Un compressore da 270 l\/min posto nella sala macchine provvede, invisibile e silenzioso, alla costante ricarica delle bombole. La risalita dei subacquei avviene tramite due comode scalette appositamente sistemare.<br \/>\nInfine, per garantire la massima sicurezza, e disponibile a bordo una attrezzatura di pronto soccorso completa di bombola di ossigeno.<\/p>\n<p style=\"text-align: justify;\">Siamo davvero orgogliosi di condividere e presentare ai nostri ospiti la nostra imbarcazione per le immersioni.<\/p>\n<p>[\/vc_column_text][vc_raw_html]JTNDaHIlM0UlM0NoMyUzRUxhJTIwc3F1YWRyYSUyMDIwMjYlM0MlMkZoMyUzRQ==[\/vc_raw_html]  \n<div class=\"media list_1\">\n  <div class=\"pull-left\">\n    <img src=\"https:\/\/www.spirosub.isoladelba.it\/wp-content\/uploads\/2024\/06\/alle.jpg\" alt=\"\" class=\"img-circle styled team\">\n  <\/div>\n  <div class=\"media-body\">\n    <h4 class=\"p-title\">Volki, Katja, Emilio e Antonio <small><\/small><\/h4>\n    <p>Katja e Volki gestiscono la scuola sub dal 2004. Katja \u00e8 un&#039;infermiera pediatrica di professione e ha maturato la sua esperienza subacquea nel Mediterraneo, alle Maldive e nei laghi tedeschi. Dal 2005 lei aiuta come istruttrice subacquea presso SPIRO SUB DIVING ELBA. \u00c8 anche felice di prendersi cura dei bambini dei genitori subacquei. Volki opera nel settore delle immersioni dal 1997. Dopo aver lavorato come direttore di cantiere, ha lavorato nel Mediterraneo, presso SPIRO SUB e anche alle Maldive come istruttore subacqueo e gestore di base ed \u00e8 titolare di SPIRO SUB DIVING ELBA. Guida la Marianna e accompagna le immersioni, fai i corsi. Emilio \u00e8 nato nel 2007 e frequenta la scuola a Marina di Campo. Antonio \u00e8 nato nel 2014 ed \u00e8 con noi ovunque.<\/p>\n    <ul class=\"social_team\">\n                    <\/ul>\n  <\/div>\n<\/div>\n\n[vc_column_text]<\/p>\n<h4><strong>Stiamo cercando istruttori subacquei, Padi, di lingua tedesca per la stagione 2026<img decoding=\"async\" loading=\"lazy\" class=\"alignnone size-medium wp-image-4872\" src=\"https:\/\/www.spirosub.isoladelba.it\/wp-content\/uploads\/2025\/11\/i-want-you-300x300.jpg\" alt=\"\" width=\"300\" height=\"300\" srcset=\"https:\/\/www.spirosub.isoladelba.it\/wp-content\/uploads\/2025\/11\/i-want-you-300x300.jpg 300w, https:\/\/www.spirosub.isoladelba.it\/wp-content\/uploads\/2025\/11\/i-want-you-1024x1024.jpg 1024w, https:\/\/www.spirosub.isoladelba.it\/wp-content\/uploads\/2025\/11\/i-want-you-150x150.jpg 150w, https:\/\/www.spirosub.isoladelba.it\/wp-content\/uploads\/2025\/11\/i-want-you-1536x1536.jpg 1536w, https:\/\/www.spirosub.isoladelba.it\/wp-content\/uploads\/2025\/11\/i-want-you-2048x2048.jpg 2048w\" sizes=\"(max-width: 300px) 100vw, 300px\" \/><\/strong><\/h4>\n<p>[\/vc_column_text]  \n<div class=\"media list_1\">\n  <div class=\"pull-left\">\n    <img src=\"\" alt=\"\" class=\"img-circle styled team\">\n  <\/div>\n  <div class=\"media-body\">\n    <h4 class=\"p-title\"> <small><\/small><\/h4>\n    <p><\/p>\n    <ul class=\"social_team\">\n                    <\/ul>\n  <\/div>\n<\/div>\n\n[vc_column_text]<\/p>\n<p style=\"text-align: justify;\">Saremo lieti della vostra visita e vogliamo rendere la vostra vacanza e le immersioni all&#8217;Elba nella nostra scuola sub PADI con un buon servizio il pi\u00f9 piacevole possibile. Per la ricerca di appartamenti o altri alloggi saremo felici di aiutarvi. A presto, il vostro team SPIRO SUB.<\/p>\n<p>[\/vc_column_text][\/vc_column][vc_column width=&#8221;1\/4&#8243;][vc_single_image image=&#8221;372&#8243; img_size=&#8221;full&#8221; alignment=&#8221;center&#8221;][vc_separator color=&#8221;blue&#8221;][vc_column_text]<a href=\"https:\/\/www.spirosub.isoladelba.it\/it\/prenotazione-traghetto\/\"><strong>Prenotazione Online Traghetto!<\/strong><\/a>[\/vc_column_text][vc_single_image image=&#8221;418&#8243; img_size=&#8221;full&#8221; alignment=&#8221;center&#8221; onclick=&#8221;custom_link&#8221; link=&#8221;https:\/\/www.spirosub.isoladelba.it\/it\/prenotazione-traghetto\/&#8221;][vc_separator color=&#8221;blue&#8221;][vc_column_text]<a href=\"https:\/\/www.spirosub.isoladelba.it\/it\/richieste-centro-sub-isola-elba\/\"><strong>PRENOTAZIONE CORSI DIVING ONLINE!<\/strong><\/a>[\/vc_column_text][vc_separator color=&#8221;blue&#8221;][vc_facebook][vc_separator color=&#8221;blue&#8221;][vc_single_image image=&#8221;1796&#8243; img_size=&#8221;full&#8221; alignment=&#8221;center&#8221; onclick=&#8221;custom_link&#8221; img_link_target=&#8221;_blank&#8221; link=&#8221;https:\/\/www.padi.Com\/elearning-scuba-registration\/default.aspx?irra=1770&amp;LanguageType=it&#8221;][vc_separator color=&#8221;blue&#8221;][vc_single_image image=&#8221;1800&#8243; img_size=&#8221;full&#8221; alignment=&#8221;center&#8221;][\/vc_column][\/vc_row][vc_row][vc_column][\/vc_column][\/vc_row]<\/p>\n","protected":false},"excerpt":{"rendered":"<p>[vc_row fullwidth=&#8221;yes&#8221; el_class=&#8221;tp-banner-container&#8221;][vc_column][\/vc_column][\/vc_row][vc_row el_class=&#8221;row custom-row&#8221;][vc_column width=&#8221;3\/4&#8243; el_class=&#8221;border&#8221;][vc_column_text] La nostra scuola sub il SPIRO SUB DIVING \u2013 ELBA \u00e8 in attivit\u00e0 dal 1974 qui a Marina di Campo. Considerando l\u2019asse da Nord a Sud, Procchio \u2013 Marina di Campo, essa si trova nella parte occidentale dell\u2019Isola d\u2019Elba ed \u00e8 l\u2019unico centro DIVING, tedesco, in tutta la [&hellip;]<\/p>\n","protected":false},"author":1,"featured_media":0,"parent":0,"menu_order":0,"comment_status":"closed","ping_status":"closed","template":"template\/canvas_page.php","meta":[],"yoast_head":"<!-- This site is optimized with the Yoast SEO plugin v20.4 - https:\/\/yoast.com\/wordpress\/plugins\/seo\/ -->\n<title>Scuola Sub Elba: Ci presentiamo: Spiro Sub Diving Isola d&#039;Elba<\/title>\n<meta name=\"description\" content=\"Spiro Sub scuola Sub Elba: proponiamo corsi PADI, gite, battesimo del mare, noleggio attrezzature, dal 1974 spiaggia di Marina di Campo.\" \/>\n<meta name=\"robots\" content=\"index, follow, max-snippet:-1, max-image-preview:large, max-video-preview:-1\" \/>\n<link rel=\"canonical\" href=\"https:\/\/www.spirosub.isoladelba.it\/it\/scuola-sub-elba-chi-siamo\/\" \/>\n<meta property=\"og:locale\" content=\"it_IT\" \/>\n<meta property=\"og:type\" content=\"article\" \/>\n<meta property=\"og:title\" content=\"Scuola Sub Elba: Ci presentiamo: Spiro Sub Diving Isola d&#039;Elba\" \/>\n<meta property=\"og:description\" content=\"Spiro Sub scuola Sub Elba: proponiamo corsi PADI, gite, battesimo del mare, noleggio attrezzature, dal 1974 spiaggia di Marina di Campo.\" \/>\n<meta property=\"og:url\" content=\"https:\/\/www.spirosub.isoladelba.it\/it\/scuola-sub-elba-chi-siamo\/\" \/>\n<meta property=\"og:site_name\" content=\"Spiro Sub - Diving Center Elba\" \/>\n<meta property=\"article:publisher\" content=\"https:\/\/www.facebook.com\/tauchenElbaSpiroSub\" \/>\n<meta property=\"article:modified_time\" content=\"2025-11-05T11:47:04+00:00\" \/>\n<meta property=\"og:image\" content=\"https:\/\/www.spirosub.isoladelba.it\/wp-content\/uploads\/2025\/11\/i-want-you-300x300.jpg\" \/>\n<meta name=\"twitter:card\" content=\"summary_large_image\" \/>\n<meta name=\"twitter:label1\" content=\"Tempo di lettura stimato\" \/>\n\t<meta name=\"twitter:data1\" content=\"4 minuti\" \/>\n<script type=\"application\/ld+json\" class=\"yoast-schema-graph\">{\"@context\":\"https:\/\/schema.org\",\"@graph\":[{\"@type\":\"WebPage\",\"@id\":\"https:\/\/www.spirosub.isoladelba.it\/it\/scuola-sub-elba-chi-siamo\/\",\"url\":\"https:\/\/www.spirosub.isoladelba.it\/it\/scuola-sub-elba-chi-siamo\/\",\"name\":\"Scuola Sub Elba: Ci presentiamo: Spiro Sub Diving Isola d'Elba\",\"isPartOf\":{\"@id\":\"https:\/\/www.spirosub.isoladelba.it\/#website\"},\"datePublished\":\"2016-02-26T03:12:08+00:00\",\"dateModified\":\"2025-11-05T11:47:04+00:00\",\"description\":\"Spiro Sub scuola Sub Elba: proponiamo corsi PADI, gite, battesimo del mare, noleggio attrezzature, dal 1974 spiaggia di Marina di Campo.\",\"breadcrumb\":{\"@id\":\"https:\/\/www.spirosub.isoladelba.it\/it\/scuola-sub-elba-chi-siamo\/#breadcrumb\"},\"inLanguage\":\"it-IT\",\"potentialAction\":[{\"@type\":\"ReadAction\",\"target\":[\"https:\/\/www.spirosub.isoladelba.it\/it\/scuola-sub-elba-chi-siamo\/\"]}]},{\"@type\":\"BreadcrumbList\",\"@id\":\"https:\/\/www.spirosub.isoladelba.it\/it\/scuola-sub-elba-chi-siamo\/#breadcrumb\",\"itemListElement\":[{\"@type\":\"ListItem\",\"position\":1,\"name\":\"Home\",\"item\":\"https:\/\/www.spirosub.isoladelba.it\/it\/\"},{\"@type\":\"ListItem\",\"position\":2,\"name\":\"La scuola sub: Chi Siamo\"}]},{\"@type\":\"WebSite\",\"@id\":\"https:\/\/www.spirosub.isoladelba.it\/#website\",\"url\":\"https:\/\/www.spirosub.isoladelba.it\/\",\"name\":\"Spiro Sub - Diving Center Elba\",\"description\":\"Centro Sub dal 1974\",\"publisher\":{\"@id\":\"https:\/\/www.spirosub.isoladelba.it\/#organization\"},\"potentialAction\":[{\"@type\":\"SearchAction\",\"target\":{\"@type\":\"EntryPoint\",\"urlTemplate\":\"https:\/\/www.spirosub.isoladelba.it\/?s={search_term_string}\"},\"query-input\":\"required name=search_term_string\"}],\"inLanguage\":\"it-IT\"},{\"@type\":\"Organization\",\"@id\":\"https:\/\/www.spirosub.isoladelba.it\/#organization\",\"name\":\"SPIRO SUB DIVING ELBA\",\"url\":\"https:\/\/www.spirosub.isoladelba.it\/\",\"logo\":{\"@type\":\"ImageObject\",\"inLanguage\":\"it-IT\",\"@id\":\"https:\/\/www.spirosub.isoladelba.it\/#\/schema\/logo\/image\/\",\"url\":\"https:\/\/www.spirosub.isoladelba.it\/wp-content\/uploads\/2016\/02\/spiro-logo.png\",\"contentUrl\":\"https:\/\/www.spirosub.isoladelba.it\/wp-content\/uploads\/2016\/02\/spiro-logo.png\",\"width\":200,\"height\":145,\"caption\":\"SPIRO SUB DIVING ELBA\"},\"image\":{\"@id\":\"https:\/\/www.spirosub.isoladelba.it\/#\/schema\/logo\/image\/\"},\"sameAs\":[\"https:\/\/www.facebook.com\/tauchenElbaSpiroSub\",\"https:\/\/www.instagram.com\/divingspirosubelba\/\",\"https:\/\/www.youtube.com\/channel\/UCvnWkk1qGZ-R27bVI_Hzrpg\"]}]}<\/script>\n<!-- \/ Yoast SEO plugin. -->","yoast_head_json":{"title":"Scuola Sub Elba: Ci presentiamo: Spiro Sub Diving Isola d'Elba","description":"Spiro Sub scuola Sub Elba: proponiamo corsi PADI, gite, battesimo del mare, noleggio attrezzature, dal 1974 spiaggia di Marina di Campo.","robots":{"index":"index","follow":"follow","max-snippet":"max-snippet:-1","max-image-preview":"max-image-preview:large","max-video-preview":"max-video-preview:-1"},"canonical":"https:\/\/www.spirosub.isoladelba.it\/it\/scuola-sub-elba-chi-siamo\/","og_locale":"it_IT","og_type":"article","og_title":"Scuola Sub Elba: Ci presentiamo: Spiro Sub Diving Isola d'Elba","og_description":"Spiro Sub scuola Sub Elba: proponiamo corsi PADI, gite, battesimo del mare, noleggio attrezzature, dal 1974 spiaggia di Marina di Campo.","og_url":"https:\/\/www.spirosub.isoladelba.it\/it\/scuola-sub-elba-chi-siamo\/","og_site_name":"Spiro Sub - Diving Center Elba","article_publisher":"https:\/\/www.facebook.com\/tauchenElbaSpiroSub","article_modified_time":"2025-11-05T11:47:04+00:00","og_image":[{"url":"https:\/\/www.spirosub.isoladelba.it\/wp-content\/uploads\/2025\/11\/i-want-you-300x300.jpg"}],"twitter_card":"summary_large_image","twitter_misc":{"Tempo di lettura stimato":"4 minuti"},"schema":{"@context":"https:\/\/schema.org","@graph":[{"@type":"WebPage","@id":"https:\/\/www.spirosub.isoladelba.it\/it\/scuola-sub-elba-chi-siamo\/","url":"https:\/\/www.spirosub.isoladelba.it\/it\/scuola-sub-elba-chi-siamo\/","name":"Scuola Sub Elba: Ci presentiamo: Spiro Sub Diving Isola d'Elba","isPartOf":{"@id":"https:\/\/www.spirosub.isoladelba.it\/#website"},"datePublished":"2016-02-26T03:12:08+00:00","dateModified":"2025-11-05T11:47:04+00:00","description":"Spiro Sub scuola Sub Elba: proponiamo corsi PADI, gite, battesimo del mare, noleggio attrezzature, dal 1974 spiaggia di Marina di Campo.","breadcrumb":{"@id":"https:\/\/www.spirosub.isoladelba.it\/it\/scuola-sub-elba-chi-siamo\/#breadcrumb"},"inLanguage":"it-IT","potentialAction":[{"@type":"ReadAction","target":["https:\/\/www.spirosub.isoladelba.it\/it\/scuola-sub-elba-chi-siamo\/"]}]},{"@type":"BreadcrumbList","@id":"https:\/\/www.spirosub.isoladelba.it\/it\/scuola-sub-elba-chi-siamo\/#breadcrumb","itemListElement":[{"@type":"ListItem","position":1,"name":"Home","item":"https:\/\/www.spirosub.isoladelba.it\/it\/"},{"@type":"ListItem","position":2,"name":"La scuola sub: Chi Siamo"}]},{"@type":"WebSite","@id":"https:\/\/www.spirosub.isoladelba.it\/#website","url":"https:\/\/www.spirosub.isoladelba.it\/","name":"Spiro Sub - Diving Center Elba","description":"Centro Sub dal 1974","publisher":{"@id":"https:\/\/www.spirosub.isoladelba.it\/#organization"},"potentialAction":[{"@type":"SearchAction","target":{"@type":"EntryPoint","urlTemplate":"https:\/\/www.spirosub.isoladelba.it\/?s={search_term_string}"},"query-input":"required name=search_term_string"}],"inLanguage":"it-IT"},{"@type":"Organization","@id":"https:\/\/www.spirosub.isoladelba.it\/#organization","name":"SPIRO SUB DIVING ELBA","url":"https:\/\/www.spirosub.isoladelba.it\/","logo":{"@type":"ImageObject","inLanguage":"it-IT","@id":"https:\/\/www.spirosub.isoladelba.it\/#\/schema\/logo\/image\/","url":"https:\/\/www.spirosub.isoladelba.it\/wp-content\/uploads\/2016\/02\/spiro-logo.png","contentUrl":"https:\/\/www.spirosub.isoladelba.it\/wp-content\/uploads\/2016\/02\/spiro-logo.png","width":200,"height":145,"caption":"SPIRO SUB DIVING ELBA"},"image":{"@id":"https:\/\/www.spirosub.isoladelba.it\/#\/schema\/logo\/image\/"},"sameAs":["https:\/\/www.facebook.com\/tauchenElbaSpiroSub","https:\/\/www.instagram.com\/divingspirosubelba\/","https:\/\/www.youtube.com\/channel\/UCvnWkk1qGZ-R27bVI_Hzrpg"]}]}},"_links":{"self":[{"href":"https:\/\/www.spirosub.isoladelba.it\/it\/wp-json\/wp\/v2\/pages\/1465"}],"collection":[{"href":"https:\/\/www.spirosub.isoladelba.it\/it\/wp-json\/wp\/v2\/pages"}],"about":[{"href":"https:\/\/www.spirosub.isoladelba.it\/it\/wp-json\/wp\/v2\/types\/page"}],"author":[{"embeddable":true,"href":"https:\/\/www.spirosub.isoladelba.it\/it\/wp-json\/wp\/v2\/users\/1"}],"replies":[{"embeddable":true,"href":"https:\/\/www.spirosub.isoladelba.it\/it\/wp-json\/wp\/v2\/comments?post=1465"}],"version-history":[{"count":44,"href":"https:\/\/www.spirosub.isoladelba.it\/it\/wp-json\/wp\/v2\/pages\/1465\/revisions"}],"predecessor-version":[{"id":4878,"href":"https:\/\/www.spirosub.isoladelba.it\/it\/wp-json\/wp\/v2\/pages\/1465\/revisions\/4878"}],"wp:attachment":[{"href":"https:\/\/www.spirosub.isoladelba.it\/it\/wp-json\/wp\/v2\/media?parent=1465"}],"curies":[{"name":"wp","href":"https:\/\/api.w.org\/{rel}","templated":true}]}}